{"id":118,"date":"2019-11-11T15:53:52","date_gmt":"2019-11-11T12:53:52","guid":{"rendered":"http:\/\/livestockcapital.com.tr\/?page_id=118"},"modified":"2019-11-14T15:12:04","modified_gmt":"2019-11-14T12:12:04","slug":"limousine","status":"publish","type":"page","link":"https:\/\/livestockcapital.com.tr\/tr\/cattle-breeds\/meat-cattle\/limousine\/","title":{"rendered":"Limousine"},"content":{"rendered":"<p>Limousin b\u00fcy\u00fck, ince ve kemikli bir hatlara sahiptir. Olgun Limousin di\u015fileri ortalama 650 kilo ve olgun erkeklerde 1000 kilo olmal\u0131d\u0131r. Ba\u015f\u0131 k\u00fc\u00e7\u00fck ve k\u0131sa, boyunlar\u0131 ise geni\u015ftir.<\/p>\n\n\n\n<p>Kat rengi alt\u0131n k\u0131rm\u0131z\u0131s\u0131d\u0131r ve midenin alt\u0131nda, uyluklar\u0131n i\u00e7inde, g\u00f6zlerin ve namlular\u0131n \u00e7evresinde ve kuyru\u011fun an\u00fcs\u00fcn\u00fcn ve ucunun etraf\u0131nda daha a\u00e7\u0131k bir renktir. Cildi pigmenteler i\u00e7ermez.<\/p>\n\n\n\n<p>Siyah geneti\u011fe sahip limuzinler, renkte bir de\u011fi\u015fiklik g\u00f6sterir. Buza\u011f\u0131lar, farkl\u0131 ya\u015flarda tamamen olgun ya\u015ftakiler gibi koyu siyah renge d\u00f6n\u00fc\u015febilir renktedir ve a\u00e7\u0131k kahverengi veya kahverengi olabilir. Olgun siyah hayvanlar genellikle tamamen kahverengi sa\u00e7larla kapl\u0131d\u0131r, baz\u0131lar\u0131 siyah renkli de olabilir.<\/p>\n\n\n\n<p>Boynuzlar ba\u015flang\u0131\u00e7ta sar\u0131d\u0131r ve u\u00e7lara do\u011fru karar\u0131r; ba\u015flang\u0131\u00e7 k\u0131sm\u0131 yatay, sonra \u00f6ne ve yukar\u0131ya do\u011fru e\u011fridir.<\/p>\n\n\n\n<h4><strong><a href=\"https:\/\/livestockcapital.com.tr\/tr\/cattle-breeds\/meat-cattle\/limousine\/2\/\">Galeri<\/a><\/strong><\/h4>\n\n\n\n<!--nextpage-->\n\n\n\n<figure class=\"wp-block-gallery columns-3 is-cropped\"><ul class=\"blocks-gallery-grid\"><li class=\"blocks-gallery-item\"><figure><a href=\"https:\/\/livestockcapital.com.tr\/wp-content\/uploads\/2019\/11\/01limousintatoumh.jpg\"><img loading=\"lazy\" width=\"1024\" height=\"810\" src=\"https:\/\/livestockcapital.com.tr\/wp-content\/uploads\/2019\/11\/01limousintatoumh-1024x810.jpg\" alt=\"\" data-id=\"649\" data-full-url=\"https:\/\/livestockcapital.com.tr\/wp-content\/uploads\/2019\/11\/01limousintatoumh.jpg\" data-link=\"https:\/\/livestockcapital.com.tr\/cattle-breeds\/meat-cattle\/limousine\/01limousintatoumh\/\" class=\"wp-image-649\" srcset=\"https:\/\/livestockcapital.com.tr\/wp-content\/uploads\/2019\/11\/01limousintatoumh-1024x810.jpg 1024w, https:\/\/livestockcapital.com.tr\/wp-content\/uploads\/2019\/11\/01limousintatoumh-300x237.jpg 300w, https:\/\/livestockcapital.com.tr\/wp-content\/uploads\/2019\/11\/01limousintatoumh-768x607.jpg 768w, https:\/\/livestockcapital.com.tr\/wp-content\/uploads\/2019\/11\/01limousintatoumh.jpg 1500w\" sizes=\"(max-width: 1024px) 100vw, 1024px\" \/><\/a><\/figure><\/li><li class=\"blocks-gallery-item\"><figure><a href=\"https:\/\/livestockcapital.com.tr\/wp-content\/uploads\/2019\/11\/attirant-1473429207.jpg\"><img loading=\"lazy\" width=\"1024\" height=\"768\" src=\"https:\/\/livestockcapital.com.tr\/wp-content\/uploads\/2019\/11\/attirant-1473429207.jpg\" alt=\"\" data-id=\"650\" data-full-url=\"https:\/\/livestockcapital.com.tr\/wp-content\/uploads\/2019\/11\/attirant-1473429207.jpg\" data-link=\"https:\/\/livestockcapital.com.tr\/cattle-breeds\/meat-cattle\/limousine\/attirant-1473429207\/\" class=\"wp-image-650\" srcset=\"https:\/\/livestockcapital.com.tr\/wp-content\/uploads\/2019\/11\/attirant-1473429207.jpg 1024w, https:\/\/livestockcapital.com.tr\/wp-content\/uploads\/2019\/11\/attirant-1473429207-300x225.jpg 300w, https:\/\/livestockcapital.com.tr\/wp-content\/uploads\/2019\/11\/attirant-1473429207-768x576.jpg 768w\" sizes=\"(max-width: 1024px) 100vw, 1024px\" \/><\/a><\/figure><\/li><li class=\"blocks-gallery-item\"><figure><a href=\"https:\/\/livestockcapital.com.tr\/wp-content\/uploads\/2019\/11\/Carmorn-Copilot.jpg\"><img loading=\"lazy\" width=\"1024\" height=\"652\" src=\"https:\/\/livestockcapital.com.tr\/wp-content\/uploads\/2019\/11\/Carmorn-Copilot-1024x652.jpg\" alt=\"\" data-id=\"651\" data-full-url=\"https:\/\/livestockcapital.com.tr\/wp-content\/uploads\/2019\/11\/Carmorn-Copilot.jpg\" data-link=\"https:\/\/livestockcapital.com.tr\/cattle-breeds\/meat-cattle\/limousine\/carmorn-copilot\/\" class=\"wp-image-651\" srcset=\"https:\/\/livestockcapital.com.tr\/wp-content\/uploads\/2019\/11\/Carmorn-Copilot-1024x652.jpg 1024w, https:\/\/livestockcapital.com.tr\/wp-content\/uploads\/2019\/11\/Carmorn-Copilot-300x191.jpg 300w, https:\/\/livestockcapital.com.tr\/wp-content\/uploads\/2019\/11\/Carmorn-Copilot-768x489.jpg 768w, https:\/\/livestockcapital.com.tr\/wp-content\/uploads\/2019\/11\/Carmorn-Copilot-1536x977.jpg 1536w, https:\/\/livestockcapital.com.tr\/wp-content\/uploads\/2019\/11\/Carmorn-Copilot.jpg 1600w\" sizes=\"(max-width: 1024px) 100vw, 1024px\" \/><\/a><\/figure><\/li><li class=\"blocks-gallery-item\"><figure><a href=\"https:\/\/livestockcapital.com.tr\/wp-content\/uploads\/2019\/11\/dady2.jpg\"><img loading=\"lazy\" width=\"1024\" height=\"622\" src=\"https:\/\/livestockcapital.com.tr\/wp-content\/uploads\/2019\/11\/dady2-1024x622.jpg\" alt=\"\" data-id=\"652\" data-full-url=\"https:\/\/livestockcapital.com.tr\/wp-content\/uploads\/2019\/11\/dady2.jpg\" data-link=\"https:\/\/livestockcapital.com.tr\/cattle-breeds\/meat-cattle\/limousine\/dady2\/\" class=\"wp-image-652\" srcset=\"https:\/\/livestockcapital.com.tr\/wp-content\/uploads\/2019\/11\/dady2-1024x622.jpg 1024w, https:\/\/livestockcapital.com.tr\/wp-content\/uploads\/2019\/11\/dady2-300x182.jpg 300w, https:\/\/livestockcapital.com.tr\/wp-content\/uploads\/2019\/11\/dady2-768x466.jpg 768w, https:\/\/livestockcapital.com.tr\/wp-content\/uploads\/2019\/11\/dady2.jpg 1280w\" sizes=\"(max-width: 1024px) 100vw, 1024px\" \/><\/a><\/figure><\/li><li class=\"blocks-gallery-item\"><figure><a href=\"https:\/\/livestockcapital.com.tr\/wp-content\/uploads\/2019\/11\/Edelweiss-Aug-13-scaled.jpg\"><img loading=\"lazy\" width=\"1024\" height=\"671\" src=\"https:\/\/livestockcapital.com.tr\/wp-content\/uploads\/2019\/11\/Edelweiss-Aug-13-1024x671.jpg\" alt=\"\" data-id=\"653\" data-full-url=\"https:\/\/livestockcapital.com.tr\/wp-content\/uploads\/2019\/11\/Edelweiss-Aug-13-scaled.jpg\" data-link=\"https:\/\/livestockcapital.com.tr\/cattle-breeds\/meat-cattle\/limousine\/edelweiss-aug-13\/\" class=\"wp-image-653\" srcset=\"https:\/\/livestockcapital.com.tr\/wp-content\/uploads\/2019\/11\/Edelweiss-Aug-13-1024x671.jpg 1024w, https:\/\/livestockcapital.com.tr\/wp-content\/uploads\/2019\/11\/Edelweiss-Aug-13-300x197.jpg 300w, https:\/\/livestockcapital.com.tr\/wp-content\/uploads\/2019\/11\/Edelweiss-Aug-13-768x503.jpg 768w, https:\/\/livestockcapital.com.tr\/wp-content\/uploads\/2019\/11\/Edelweiss-Aug-13-1536x1007.jpg 1536w, https:\/\/livestockcapital.com.tr\/wp-content\/uploads\/2019\/11\/Edelweiss-Aug-13-2048x1342.jpg 2048w\" sizes=\"(max-width: 1024px) 100vw, 1024px\" \/><\/a><\/figure><\/li><li class=\"blocks-gallery-item\"><figure><a href=\"https:\/\/livestockcapital.com.tr\/wp-content\/uploads\/2019\/11\/limousine-5.jpg\"><img loading=\"lazy\" width=\"1024\" height=\"683\" src=\"https:\/\/livestockcapital.com.tr\/wp-content\/uploads\/2019\/11\/limousine-5-1024x683.jpg\" alt=\"\" data-id=\"123\" data-full-url=\"https:\/\/livestockcapital.com.tr\/wp-content\/uploads\/2019\/11\/limousine-5.jpg\" data-link=\"https:\/\/livestockcapital.com.tr\/cattle-breeds\/meat-cattle\/limousine\/limousine-5\/\" class=\"wp-image-123\" srcset=\"https:\/\/livestockcapital.com.tr\/wp-content\/uploads\/2019\/11\/limousine-5-1024x683.jpg 1024w, https:\/\/livestockcapital.com.tr\/wp-content\/uploads\/2019\/11\/limousine-5-300x200.jpg 300w, https:\/\/livestockcapital.com.tr\/wp-content\/uploads\/2019\/11\/limousine-5-768x512.jpg 768w, https:\/\/livestockcapital.com.tr\/wp-content\/uploads\/2019\/11\/limousine-5.jpg 1280w\" sizes=\"(max-width: 1024px) 100vw, 1024px\" \/><\/a><\/figure><\/li><li class=\"blocks-gallery-item\"><figure><a href=\"https:\/\/livestockcapital.com.tr\/wp-content\/uploads\/2019\/11\/LIM12.jpg\"><img loading=\"lazy\" width=\"500\" height=\"375\" src=\"https:\/\/livestockcapital.com.tr\/wp-content\/uploads\/2019\/11\/LIM12.jpg\" alt=\"\" data-id=\"128\" data-full-url=\"https:\/\/livestockcapital.com.tr\/wp-content\/uploads\/2019\/11\/LIM12.jpg\" data-link=\"https:\/\/livestockcapital.com.tr\/cattle-breeds\/meat-cattle\/limousine\/lim12\/\" class=\"wp-image-128\" srcset=\"https:\/\/livestockcapital.com.tr\/wp-content\/uploads\/2019\/11\/LIM12.jpg 500w, https:\/\/livestockcapital.com.tr\/wp-content\/uploads\/2019\/11\/LIM12-300x225.jpg 300w\" sizes=\"(max-width: 500px) 100vw, 500px\" \/><\/a><\/figure><\/li><li class=\"blocks-gallery-item\"><figure><a href=\"https:\/\/livestockcapital.com.tr\/wp-content\/uploads\/2019\/11\/LIM11.jpg\"><img loading=\"lazy\" width=\"1024\" height=\"683\" src=\"https:\/\/livestockcapital.com.tr\/wp-content\/uploads\/2019\/11\/LIM11.jpg\" alt=\"\" data-id=\"127\" data-full-url=\"https:\/\/livestockcapital.com.tr\/wp-content\/uploads\/2019\/11\/LIM11.jpg\" data-link=\"https:\/\/livestockcapital.com.tr\/cattle-breeds\/meat-cattle\/limousine\/lim11\/\" class=\"wp-image-127\" srcset=\"https:\/\/livestockcapital.com.tr\/wp-content\/uploads\/2019\/11\/LIM11.jpg 1024w, https:\/\/livestockcapital.com.tr\/wp-content\/uploads\/2019\/11\/LIM11-300x200.jpg 300w, https:\/\/livestockcapital.com.tr\/wp-content\/uploads\/2019\/11\/LIM11-768x512.jpg 768w\" sizes=\"(max-width: 1024px) 100vw, 1024px\" \/><\/a><\/figure><\/li><li class=\"blocks-gallery-item\"><figure><a href=\"https:\/\/livestockcapital.com.tr\/wp-content\/uploads\/2019\/11\/limousin.jpg\"><img loading=\"lazy\" width=\"1024\" height=\"703\" src=\"https:\/\/livestockcapital.com.tr\/wp-content\/uploads\/2019\/11\/limousin-1024x703.jpg\" alt=\"\" data-id=\"648\" data-full-url=\"https:\/\/livestockcapital.com.tr\/wp-content\/uploads\/2019\/11\/limousin.jpg\" data-link=\"https:\/\/livestockcapital.com.tr\/cattle-breeds\/meat-cattle\/limousine\/limousin\/\" class=\"wp-image-648\" srcset=\"https:\/\/livestockcapital.com.tr\/wp-content\/uploads\/2019\/11\/limousin-1024x703.jpg 1024w, https:\/\/livestockcapital.com.tr\/wp-content\/uploads\/2019\/11\/limousin-300x206.jpg 300w, https:\/\/livestockcapital.com.tr\/wp-content\/uploads\/2019\/11\/limousin-768x527.jpg 768w, https:\/\/livestockcapital.com.tr\/wp-content\/uploads\/2019\/11\/limousin.jpg 1342w\" sizes=\"(max-width: 1024px) 100vw, 1024px\" \/><\/a><\/figure><\/li><\/ul><\/figure>","protected":false},"excerpt":{"rendered":"<p>The Limousin is large, fine and has a strong boned frame. Mature Limousin females should average 650 kilos and mature males 1000 kilos. The head is small and short with a broad forehead, and the neck is short with a broad muzzle. Coat colour is golden-red and a lighter colour under the stomach, inside the thighs, around the eyes and muzzle, and around the anus and end of the tail. The skin is free of pigmentation. Limousins with black genetics [&hellip;]<\/p>","protected":false},"author":1,"featured_media":493,"parent":88,"menu_order":2,"comment_status":"closed","ping_status":"closed","template":"","meta":[],"yoast_head":"<!-- This site is optimized with the Yoast SEO plugin v17.2.1 - https:\/\/yoast.com\/wordpress\/plugins\/seo\/ -->\n<title>Limousine - Livestock Capital<\/title>\n<meta name=\"robots\" content=\"index, follow, max-snippet:-1, max-image-preview:large, max-video-preview:-1\" \/>\n<link rel=\"canonical\" href=\"https:\/\/livestockcapital.com.tr\/tr\/cattle-breeds\/meat-cattle\/limousine\/\" \/>\n<link rel=\"next\" href=\"https:\/\/livestockcapital.com.tr\/cattle-breeds\/meat-cattle\/limousine\/2\/\" \/>\n<meta property=\"og:locale\" content=\"tr_TR\" \/>\n<meta property=\"og:type\" content=\"article\" \/>\n<meta property=\"og:title\" content=\"Limousine - Livestock Capital\" \/>\n<meta property=\"og:description\" content=\"The Limousin is large, fine and has a strong boned frame. Mature Limousin females should average 650 kilos and mature males 1000 kilos. The head is small and short with a broad forehead, and the neck is short with a broad muzzle. Coat colour is golden-red and a lighter colour under the stomach, inside the thighs, around the eyes and muzzle, and around the anus and end of the tail. The skin is free of pigmentation. Limousins with black genetics [&hellip;]\" \/>\n<meta property=\"og:url\" content=\"https:\/\/livestockcapital.com.tr\/tr\/cattle-breeds\/meat-cattle\/limousine\/\" \/>\n<meta property=\"og:site_name\" content=\"Livestock Capital\" \/>\n<meta property=\"article:modified_time\" content=\"2019-11-14T12:12:04+00:00\" \/>\n<meta property=\"og:image\" content=\"https:\/\/livestockcapital.com.tr\/wp-content\/uploads\/2019\/11\/Limousine.jpg\" \/>\n\t<meta property=\"og:image:width\" content=\"1280\" \/>\n\t<meta property=\"og:image:height\" content=\"857\" \/>\n<meta name=\"twitter:card\" content=\"summary_large_image\" \/>\n<meta name=\"twitter:label1\" content=\"Tahmini okuma s\u00fcresi\" \/>\n\t<meta name=\"twitter:data1\" content=\"1 dakika\" \/>\n<script type=\"application\/ld+json\" class=\"yoast-schema-graph\">{\"@context\":\"https:\/\/schema.org\",\"@graph\":[{\"@type\":\"WebSite\",\"@id\":\"https:\/\/livestockcapital.com.tr\/#website\",\"url\":\"https:\/\/livestockcapital.com.tr\/\",\"name\":\"Livestock Capital\",\"description\":\"Livestock Capital LTD.\",\"potentialAction\":[{\"@type\":\"SearchAction\",\"target\":{\"@type\":\"EntryPoint\",\"urlTemplate\":\"https:\/\/livestockcapital.com.tr\/?s={search_term_string}\"},\"query-input\":\"required name=search_term_string\"}],\"inLanguage\":\"tr\"},{\"@type\":\"ImageObject\",\"@id\":\"https:\/\/livestockcapital.com.tr\/cattle-breeds\/meat-cattle\/limousine\/#primaryimage\",\"inLanguage\":\"tr\",\"url\":\"https:\/\/livestockcapital.com.tr\/wp-content\/uploads\/2019\/11\/Limousine.jpg\",\"contentUrl\":\"https:\/\/livestockcapital.com.tr\/wp-content\/uploads\/2019\/11\/Limousine.jpg\",\"width\":1280,\"height\":857},{\"@type\":\"WebPage\",\"@id\":\"https:\/\/livestockcapital.com.tr\/cattle-breeds\/meat-cattle\/limousine\/#webpage\",\"url\":\"https:\/\/livestockcapital.com.tr\/cattle-breeds\/meat-cattle\/limousine\/\",\"name\":\"Limousine - Livestock Capital\",\"isPartOf\":{\"@id\":\"https:\/\/livestockcapital.com.tr\/#website\"},\"primaryImageOfPage\":{\"@id\":\"https:\/\/livestockcapital.com.tr\/cattle-breeds\/meat-cattle\/limousine\/#primaryimage\"},\"datePublished\":\"2019-11-11T12:53:52+00:00\",\"dateModified\":\"2019-11-14T12:12:04+00:00\",\"breadcrumb\":{\"@id\":\"https:\/\/livestockcapital.com.tr\/cattle-breeds\/meat-cattle\/limousine\/#breadcrumb\"},\"inLanguage\":\"tr\",\"potentialAction\":[{\"@type\":\"ReadAction\",\"target\":[\"https:\/\/livestockcapital.com.tr\/cattle-breeds\/meat-cattle\/limousine\/\"]}]},{\"@type\":\"BreadcrumbList\",\"@id\":\"https:\/\/livestockcapital.com.tr\/cattle-breeds\/meat-cattle\/limousine\/#breadcrumb\",\"itemListElement\":[{\"@type\":\"ListItem\",\"position\":1,\"name\":\"Home\",\"item\":\"https:\/\/livestockcapital.com.tr\/\"},{\"@type\":\"ListItem\",\"position\":2,\"name\":\"Cattle Breeds\",\"item\":\"https:\/\/livestockcapital.com.tr\/cattle-breeds\/\"},{\"@type\":\"ListItem\",\"position\":3,\"name\":\"Meat Cattle\"}]}]}<\/script>\n<!-- \/ Yoast SEO plugin. -->","yoast_head_json":{"title":"Limousine - Livestock Capital","robots":{"index":"index","follow":"follow","max-snippet":"max-snippet:-1","max-image-preview":"max-image-preview:large","max-video-preview":"max-video-preview:-1"},"canonical":"https:\/\/livestockcapital.com.tr\/tr\/cattle-breeds\/meat-cattle\/limousine\/","next":"https:\/\/livestockcapital.com.tr\/cattle-breeds\/meat-cattle\/limousine\/2\/","og_locale":"tr_TR","og_type":"article","og_title":"Limousine - Livestock Capital","og_description":"The Limousin is large, fine and has a strong boned frame. Mature Limousin females should average 650 kilos and mature males 1000 kilos. The head is small and short with a broad forehead, and the neck is short with a broad muzzle. Coat colour is golden-red and a lighter colour under the stomach, inside the thighs, around the eyes and muzzle, and around the anus and end of the tail. The skin is free of pigmentation. Limousins with black genetics [&hellip;]","og_url":"https:\/\/livestockcapital.com.tr\/tr\/cattle-breeds\/meat-cattle\/limousine\/","og_site_name":"Livestock Capital","article_modified_time":"2019-11-14T12:12:04+00:00","og_image":[{"width":1280,"height":857,"url":"https:\/\/livestockcapital.com.tr\/wp-content\/uploads\/2019\/11\/Limousine.jpg","path":"\/home\/tmcwebtr\/livestockcapital.com.tr\/wp-content\/uploads\/2019\/11\/Limousine.jpg","size":"full","id":493,"alt":"","pixels":1096960,"type":"image\/jpeg"}],"twitter_card":"summary_large_image","twitter_misc":{"Tahmini okuma s\u00fcresi":"1 dakika"},"schema":{"@context":"https:\/\/schema.org","@graph":[{"@type":"WebSite","@id":"https:\/\/livestockcapital.com.tr\/#website","url":"https:\/\/livestockcapital.com.tr\/","name":"Livestock Capital","description":"Livestock Capital LTD.","potentialAction":[{"@type":"SearchAction","target":{"@type":"EntryPoint","urlTemplate":"https:\/\/livestockcapital.com.tr\/?s={search_term_string}"},"query-input":"required name=search_term_string"}],"inLanguage":"tr"},{"@type":"ImageObject","@id":"https:\/\/livestockcapital.com.tr\/cattle-breeds\/meat-cattle\/limousine\/#primaryimage","inLanguage":"tr","url":"https:\/\/livestockcapital.com.tr\/wp-content\/uploads\/2019\/11\/Limousine.jpg","contentUrl":"https:\/\/livestockcapital.com.tr\/wp-content\/uploads\/2019\/11\/Limousine.jpg","width":1280,"height":857},{"@type":"WebPage","@id":"https:\/\/livestockcapital.com.tr\/cattle-breeds\/meat-cattle\/limousine\/#webpage","url":"https:\/\/livestockcapital.com.tr\/cattle-breeds\/meat-cattle\/limousine\/","name":"Limousine - Livestock Capital","isPartOf":{"@id":"https:\/\/livestockcapital.com.tr\/#website"},"primaryImageOfPage":{"@id":"https:\/\/livestockcapital.com.tr\/cattle-breeds\/meat-cattle\/limousine\/#primaryimage"},"datePublished":"2019-11-11T12:53:52+00:00","dateModified":"2019-11-14T12:12:04+00:00","breadcrumb":{"@id":"https:\/\/livestockcapital.com.tr\/cattle-breeds\/meat-cattle\/limousine\/#breadcrumb"},"inLanguage":"tr","potentialAction":[{"@type":"ReadAction","target":["https:\/\/livestockcapital.com.tr\/cattle-breeds\/meat-cattle\/limousine\/"]}]},{"@type":"BreadcrumbList","@id":"https:\/\/livestockcapital.com.tr\/cattle-breeds\/meat-cattle\/limousine\/#breadcrumb","itemListElement":[{"@type":"ListItem","position":1,"name":"Home","item":"https:\/\/livestockcapital.com.tr\/"},{"@type":"ListItem","position":2,"name":"Cattle Breeds","item":"https:\/\/livestockcapital.com.tr\/cattle-breeds\/"},{"@type":"ListItem","position":3,"name":"Meat Cattle"}]}]}},"_links":{"self":[{"href":"https:\/\/livestockcapital.com.tr\/tr\/wp-json\/wp\/v2\/pages\/118"}],"collection":[{"href":"https:\/\/livestockcapital.com.tr\/tr\/wp-json\/wp\/v2\/pages"}],"about":[{"href":"https:\/\/livestockcapital.com.tr\/tr\/wp-json\/wp\/v2\/types\/page"}],"author":[{"embeddable":true,"href":"https:\/\/livestockcapital.com.tr\/tr\/wp-json\/wp\/v2\/users\/1"}],"replies":[{"embeddable":true,"href":"https:\/\/livestockcapital.com.tr\/tr\/wp-json\/wp\/v2\/comments?post=118"}],"version-history":[{"count":4,"href":"https:\/\/livestockcapital.com.tr\/tr\/wp-json\/wp\/v2\/pages\/118\/revisions"}],"predecessor-version":[{"id":654,"href":"https:\/\/livestockcapital.com.tr\/tr\/wp-json\/wp\/v2\/pages\/118\/revisions\/654"}],"up":[{"embeddable":true,"href":"https:\/\/livestockcapital.com.tr\/tr\/wp-json\/wp\/v2\/pages\/88"}],"wp:featuredmedia":[{"embeddable":true,"href":"https:\/\/livestockcapital.com.tr\/tr\/wp-json\/wp\/v2\/media\/493"}],"wp:attachment":[{"href":"https:\/\/livestockcapital.com.tr\/tr\/wp-json\/wp\/v2\/media?parent=118"}],"curies":[{"name":"wp","href":"https:\/\/api.w.org\/{rel}","templated":true}]}}