{"id":166,"date":"2019-11-11T16:11:45","date_gmt":"2019-11-11T13:11:45","guid":{"rendered":"http:\/\/livestockcapital.com.tr\/?page_id=166"},"modified":"2019-11-14T15:43:32","modified_gmt":"2019-11-14T12:43:32","slug":"red-angus","status":"publish","type":"page","link":"https:\/\/livestockcapital.com.tr\/tr\/cattle-breeds\/meat-cattle\/red-angus\/","title":{"rendered":"Red Angus"},"content":{"rendered":"<p>Yumu\u015fak s\u0131\u011f\u0131r eti i\u00e7in damarl\u0131d\u0131r - Pazar\u0131n daha fazla damarl\u0131 ve yumu\u015fak et ihtiyac\u0131n\u0131 kar\u015f\u0131lamak i\u00e7in talep edilirler. Damar oran\u0131 y\u00fcksektir. Hassasl\u0131k ile damarl\u0131l\u0131k aras\u0131nda ba\u011f y\u00fcksektir, bu nedenle s\u0131\u011f\u0131r \u00fcreticileri damarl\u0131 olu\u015funu se\u00e7tiklerind hassasiyet artar. \u00dcst\u00fcn yumu\u015fak et \u00fcretiminin artmas\u0131 da Angus s\u0131\u011f\u0131rlar\u0131n\u0131n daha fazla \u00fcretilmesi anlam\u0131na gelmektedir.<\/p>\n\n\n\n<p>Tercih edilen karkas boyutu ve kalitesi - Ara\u015ft\u0131rmalar yem verimlili\u011fi veya hayvan\u0131n b\u00fcy\u00fcme durumuna g\u00f6re AAA s\u0131n\u0131f\u0131 d\u00f6lleme kalitesi bak\u0131m\u0131ndan ve karkas kalitesi pahas\u0131na verim derecesini artt\u0131rmadan Angus t\u00fcrlerinin se\u00e7ilebilir oldu\u011funu g\u00f6stermektedir.<\/p>\n\n\n\n<h4><strong><a href=\"https:\/\/livestockcapital.com.tr\/tr\/cattle-breeds\/meat-cattle\/red-angus\/2\/\">Galeri<\/a><\/strong><\/h4>\n\n\n\n<!--nextpage-->\n\n\n\n<figure class=\"wp-block-gallery columns-3 is-cropped\"><ul class=\"blocks-gallery-grid\"><li class=\"blocks-gallery-item\"><figure><a href=\"https:\/\/livestockcapital.com.tr\/wp-content\/uploads\/2019\/11\/Pharaoh-front.jpg\"><img loading=\"lazy\" width=\"1024\" height=\"682\" src=\"https:\/\/livestockcapital.com.tr\/wp-content\/uploads\/2019\/11\/Pharaoh-front-1024x682.jpg\" alt=\"\" data-id=\"671\" data-full-url=\"https:\/\/livestockcapital.com.tr\/wp-content\/uploads\/2019\/11\/Pharaoh-front.jpg\" data-link=\"https:\/\/livestockcapital.com.tr\/cattle-breeds\/meat-cattle\/red-angus\/pharaoh-front\/\" class=\"wp-image-671\" srcset=\"https:\/\/livestockcapital.com.tr\/wp-content\/uploads\/2019\/11\/Pharaoh-front-1024x682.jpg 1024w, https:\/\/livestockcapital.com.tr\/wp-content\/uploads\/2019\/11\/Pharaoh-front-300x200.jpg 300w, https:\/\/livestockcapital.com.tr\/wp-content\/uploads\/2019\/11\/Pharaoh-front-768x512.jpg 768w, https:\/\/livestockcapital.com.tr\/wp-content\/uploads\/2019\/11\/Pharaoh-front.jpg 1180w\" sizes=\"(max-width: 1024px) 100vw, 1024px\" \/><\/a><\/figure><\/li><li class=\"blocks-gallery-item\"><figure><a href=\"https:\/\/livestockcapital.com.tr\/wp-content\/uploads\/2019\/11\/RA3.jpg\"><img loading=\"lazy\" width=\"720\" height=\"479\" src=\"https:\/\/livestockcapital.com.tr\/wp-content\/uploads\/2019\/11\/RA3.jpg\" alt=\"\" data-id=\"169\" data-full-url=\"https:\/\/livestockcapital.com.tr\/wp-content\/uploads\/2019\/11\/RA3.jpg\" data-link=\"https:\/\/livestockcapital.com.tr\/cattle-breeds\/meat-cattle\/red-angus\/ra3\/\" class=\"wp-image-169\" srcset=\"https:\/\/livestockcapital.com.tr\/wp-content\/uploads\/2019\/11\/RA3.jpg 720w, https:\/\/livestockcapital.com.tr\/wp-content\/uploads\/2019\/11\/RA3-300x200.jpg 300w\" sizes=\"(max-width: 720px) 100vw, 720px\" \/><\/a><\/figure><\/li><li class=\"blocks-gallery-item\"><figure><a href=\"https:\/\/livestockcapital.com.tr\/wp-content\/uploads\/2019\/11\/RA6.jpg\"><img loading=\"lazy\" width=\"900\" height=\"601\" src=\"https:\/\/livestockcapital.com.tr\/wp-content\/uploads\/2019\/11\/RA6.jpg\" alt=\"\" data-id=\"171\" data-full-url=\"https:\/\/livestockcapital.com.tr\/wp-content\/uploads\/2019\/11\/RA6.jpg\" data-link=\"https:\/\/livestockcapital.com.tr\/cattle-breeds\/meat-cattle\/red-angus\/ra6\/\" class=\"wp-image-171\" srcset=\"https:\/\/livestockcapital.com.tr\/wp-content\/uploads\/2019\/11\/RA6.jpg 900w, https:\/\/livestockcapital.com.tr\/wp-content\/uploads\/2019\/11\/RA6-300x200.jpg 300w, https:\/\/livestockcapital.com.tr\/wp-content\/uploads\/2019\/11\/RA6-768x513.jpg 768w\" sizes=\"(max-width: 900px) 100vw, 900px\" \/><\/a><\/figure><\/li><li class=\"blocks-gallery-item\"><figure><a href=\"https:\/\/livestockcapital.com.tr\/wp-content\/uploads\/2019\/11\/RA7.jpg\"><img loading=\"lazy\" width=\"800\" height=\"524\" src=\"https:\/\/livestockcapital.com.tr\/wp-content\/uploads\/2019\/11\/RA7.jpg\" alt=\"\" data-id=\"172\" data-full-url=\"https:\/\/livestockcapital.com.tr\/wp-content\/uploads\/2019\/11\/RA7.jpg\" data-link=\"https:\/\/livestockcapital.com.tr\/cattle-breeds\/meat-cattle\/red-angus\/ra7\/\" class=\"wp-image-172\" srcset=\"https:\/\/livestockcapital.com.tr\/wp-content\/uploads\/2019\/11\/RA7.jpg 800w, https:\/\/livestockcapital.com.tr\/wp-content\/uploads\/2019\/11\/RA7-300x197.jpg 300w, https:\/\/livestockcapital.com.tr\/wp-content\/uploads\/2019\/11\/RA7-768x503.jpg 768w\" sizes=\"(max-width: 800px) 100vw, 800px\" \/><\/a><\/figure><\/li><li class=\"blocks-gallery-item\"><figure><a href=\"https:\/\/livestockcapital.com.tr\/wp-content\/uploads\/2019\/11\/RA10.jpg\"><img loading=\"lazy\" width=\"1024\" height=\"768\" src=\"https:\/\/livestockcapital.com.tr\/wp-content\/uploads\/2019\/11\/RA10-1024x768.jpg\" alt=\"\" data-id=\"173\" data-full-url=\"https:\/\/livestockcapital.com.tr\/wp-content\/uploads\/2019\/11\/RA10.jpg\" data-link=\"https:\/\/livestockcapital.com.tr\/cattle-breeds\/meat-cattle\/red-angus\/ra10\/\" class=\"wp-image-173\" srcset=\"https:\/\/livestockcapital.com.tr\/wp-content\/uploads\/2019\/11\/RA10-1024x768.jpg 1024w, https:\/\/livestockcapital.com.tr\/wp-content\/uploads\/2019\/11\/RA10-300x225.jpg 300w, https:\/\/livestockcapital.com.tr\/wp-content\/uploads\/2019\/11\/RA10-768x576.jpg 768w, https:\/\/livestockcapital.com.tr\/wp-content\/uploads\/2019\/11\/RA10-1536x1152.jpg 1536w, https:\/\/livestockcapital.com.tr\/wp-content\/uploads\/2019\/11\/RA10.jpg 1920w\" sizes=\"(max-width: 1024px) 100vw, 1024px\" \/><\/a><\/figure><\/li><li class=\"blocks-gallery-item\"><figure><a href=\"https:\/\/livestockcapital.com.tr\/wp-content\/uploads\/2019\/11\/RA13.jpg\"><img loading=\"lazy\" width=\"900\" height=\"675\" src=\"https:\/\/livestockcapital.com.tr\/wp-content\/uploads\/2019\/11\/RA13.jpg\" alt=\"\" data-id=\"175\" data-full-url=\"https:\/\/livestockcapital.com.tr\/wp-content\/uploads\/2019\/11\/RA13.jpg\" data-link=\"https:\/\/livestockcapital.com.tr\/cattle-breeds\/meat-cattle\/red-angus\/ra13\/\" class=\"wp-image-175\" srcset=\"https:\/\/livestockcapital.com.tr\/wp-content\/uploads\/2019\/11\/RA13.jpg 900w, https:\/\/livestockcapital.com.tr\/wp-content\/uploads\/2019\/11\/RA13-300x225.jpg 300w, https:\/\/livestockcapital.com.tr\/wp-content\/uploads\/2019\/11\/RA13-768x576.jpg 768w\" sizes=\"(max-width: 900px) 100vw, 900px\" \/><\/a><\/figure><\/li><li class=\"blocks-gallery-item\"><figure><a href=\"https:\/\/livestockcapital.com.tr\/wp-content\/uploads\/2019\/11\/redangus-2.jpg\"><img loading=\"lazy\" width=\"1024\" height=\"720\" src=\"https:\/\/livestockcapital.com.tr\/wp-content\/uploads\/2019\/11\/redangus-2-1024x720.jpg\" alt=\"\" data-id=\"669\" data-full-url=\"https:\/\/livestockcapital.com.tr\/wp-content\/uploads\/2019\/11\/redangus-2.jpg\" data-link=\"https:\/\/livestockcapital.com.tr\/cattle-breeds\/meat-cattle\/red-angus\/redangus-2\/\" class=\"wp-image-669\" srcset=\"https:\/\/livestockcapital.com.tr\/wp-content\/uploads\/2019\/11\/redangus-2-1024x720.jpg 1024w, https:\/\/livestockcapital.com.tr\/wp-content\/uploads\/2019\/11\/redangus-2-300x211.jpg 300w, https:\/\/livestockcapital.com.tr\/wp-content\/uploads\/2019\/11\/redangus-2-768x540.jpg 768w, https:\/\/livestockcapital.com.tr\/wp-content\/uploads\/2019\/11\/redangus-2.jpg 1280w\" sizes=\"(max-width: 1024px) 100vw, 1024px\" \/><\/a><\/figure><\/li><li class=\"blocks-gallery-item\"><figure><a href=\"https:\/\/livestockcapital.com.tr\/wp-content\/uploads\/2019\/11\/redangus-3.jpg\"><img loading=\"lazy\" width=\"1024\" height=\"731\" src=\"https:\/\/livestockcapital.com.tr\/wp-content\/uploads\/2019\/11\/redangus-3-1024x731.jpg\" alt=\"\" data-id=\"670\" data-full-url=\"https:\/\/livestockcapital.com.tr\/wp-content\/uploads\/2019\/11\/redangus-3.jpg\" data-link=\"https:\/\/livestockcapital.com.tr\/cattle-breeds\/meat-cattle\/red-angus\/redangus-3\/\" class=\"wp-image-670\" srcset=\"https:\/\/livestockcapital.com.tr\/wp-content\/uploads\/2019\/11\/redangus-3-1024x731.jpg 1024w, https:\/\/livestockcapital.com.tr\/wp-content\/uploads\/2019\/11\/redangus-3-300x214.jpg 300w, https:\/\/livestockcapital.com.tr\/wp-content\/uploads\/2019\/11\/redangus-3-768x549.jpg 768w, https:\/\/livestockcapital.com.tr\/wp-content\/uploads\/2019\/11\/redangus-3-1536x1097.jpg 1536w, https:\/\/livestockcapital.com.tr\/wp-content\/uploads\/2019\/11\/redangus-3-2048x1463.jpg 2048w\" sizes=\"(max-width: 1024px) 100vw, 1024px\" \/><\/a><\/figure><\/li><li class=\"blocks-gallery-item\"><figure><a href=\"https:\/\/livestockcapital.com.tr\/wp-content\/uploads\/2019\/11\/redangus-1.jpg\"><img loading=\"lazy\" width=\"1024\" height=\"682\" src=\"https:\/\/livestockcapital.com.tr\/wp-content\/uploads\/2019\/11\/redangus-1-1024x682.jpg\" alt=\"\" data-id=\"672\" data-full-url=\"https:\/\/livestockcapital.com.tr\/wp-content\/uploads\/2019\/11\/redangus-1.jpg\" data-link=\"https:\/\/livestockcapital.com.tr\/cattle-breeds\/meat-cattle\/red-angus\/redangus-4\/\" class=\"wp-image-672\" srcset=\"https:\/\/livestockcapital.com.tr\/wp-content\/uploads\/2019\/11\/redangus-1-1024x682.jpg 1024w, https:\/\/livestockcapital.com.tr\/wp-content\/uploads\/2019\/11\/redangus-1-300x200.jpg 300w, https:\/\/livestockcapital.com.tr\/wp-content\/uploads\/2019\/11\/redangus-1-768x512.jpg 768w, https:\/\/livestockcapital.com.tr\/wp-content\/uploads\/2019\/11\/redangus-1.jpg 1180w\" sizes=\"(max-width: 1024px) 100vw, 1024px\" \/><\/a><\/figure><\/li><\/ul><\/figure>\n\n\n\n<p><\/p>","protected":false},"excerpt":{"rendered":"<p>Natural marbling for tasty, tender beef &#8211; The market is calling for carcasses with more marbling in order to satisfy consumer demand. The heritability of marbling is moderately high. The correlation between marbling and tenderness is also moderately high so when cattle producers select for marbling, tenderness improves. Using Angus cattle with their superior marbling ability opens the door to improved beef tenderness and increased consumer acceptance of beef Preferred carcass size and quality &#8211; Research demonstrates that Angus sires [&hellip;]<\/p>","protected":false},"author":1,"featured_media":502,"parent":88,"menu_order":6,"comment_status":"closed","ping_status":"closed","template":"","meta":[],"yoast_head":"<!-- This site is optimized with the Yoast SEO plugin v17.2.1 - https:\/\/yoast.com\/wordpress\/plugins\/seo\/ -->\n<title>Red Angus - Livestock Capital<\/title>\n<meta name=\"robots\" content=\"index, follow, max-snippet:-1, max-image-preview:large, max-video-preview:-1\" \/>\n<link rel=\"canonical\" href=\"https:\/\/livestockcapital.com.tr\/tr\/cattle-breeds\/meat-cattle\/red-angus\/\" \/>\n<link rel=\"next\" href=\"https:\/\/livestockcapital.com.tr\/cattle-breeds\/meat-cattle\/red-angus\/2\/\" \/>\n<meta property=\"og:locale\" content=\"tr_TR\" \/>\n<meta property=\"og:type\" content=\"article\" \/>\n<meta property=\"og:title\" content=\"Red Angus - Livestock Capital\" \/>\n<meta property=\"og:description\" content=\"Natural marbling for tasty, tender beef &#8211; The market is calling for carcasses with more marbling in order to satisfy consumer demand. The heritability of marbling is moderately high. The correlation between marbling and tenderness is also moderately high so when cattle producers select for marbling, tenderness improves. Using Angus cattle with their superior marbling ability opens the door to improved beef tenderness and increased consumer acceptance of beef Preferred carcass size and quality &#8211; Research demonstrates that Angus sires [&hellip;]\" \/>\n<meta property=\"og:url\" content=\"https:\/\/livestockcapital.com.tr\/tr\/cattle-breeds\/meat-cattle\/red-angus\/\" \/>\n<meta property=\"og:site_name\" content=\"Livestock Capital\" \/>\n<meta property=\"article:modified_time\" content=\"2019-11-14T12:43:32+00:00\" \/>\n<meta property=\"og:image\" content=\"https:\/\/livestockcapital.com.tr\/wp-content\/uploads\/2019\/11\/redangus.jpg\" \/>\n\t<meta property=\"og:image:width\" content=\"1600\" \/>\n\t<meta property=\"og:image:height\" content=\"902\" \/>\n<meta name=\"twitter:card\" content=\"summary_large_image\" \/>\n<meta name=\"twitter:label1\" content=\"Tahmini okuma s\u00fcresi\" \/>\n\t<meta name=\"twitter:data1\" content=\"1 dakika\" \/>\n<script type=\"application\/ld+json\" class=\"yoast-schema-graph\">{\"@context\":\"https:\/\/schema.org\",\"@graph\":[{\"@type\":\"WebSite\",\"@id\":\"https:\/\/livestockcapital.com.tr\/#website\",\"url\":\"https:\/\/livestockcapital.com.tr\/\",\"name\":\"Livestock Capital\",\"description\":\"Livestock Capital LTD.\",\"potentialAction\":[{\"@type\":\"SearchAction\",\"target\":{\"@type\":\"EntryPoint\",\"urlTemplate\":\"https:\/\/livestockcapital.com.tr\/?s={search_term_string}\"},\"query-input\":\"required name=search_term_string\"}],\"inLanguage\":\"tr\"},{\"@type\":\"ImageObject\",\"@id\":\"https:\/\/livestockcapital.com.tr\/cattle-breeds\/meat-cattle\/red-angus\/#primaryimage\",\"inLanguage\":\"tr\",\"url\":\"https:\/\/livestockcapital.com.tr\/wp-content\/uploads\/2019\/11\/redangus.jpg\",\"contentUrl\":\"https:\/\/livestockcapital.com.tr\/wp-content\/uploads\/2019\/11\/redangus.jpg\",\"width\":1600,\"height\":902},{\"@type\":\"WebPage\",\"@id\":\"https:\/\/livestockcapital.com.tr\/cattle-breeds\/meat-cattle\/red-angus\/#webpage\",\"url\":\"https:\/\/livestockcapital.com.tr\/cattle-breeds\/meat-cattle\/red-angus\/\",\"name\":\"Red Angus - Livestock Capital\",\"isPartOf\":{\"@id\":\"https:\/\/livestockcapital.com.tr\/#website\"},\"primaryImageOfPage\":{\"@id\":\"https:\/\/livestockcapital.com.tr\/cattle-breeds\/meat-cattle\/red-angus\/#primaryimage\"},\"datePublished\":\"2019-11-11T13:11:45+00:00\",\"dateModified\":\"2019-11-14T12:43:32+00:00\",\"breadcrumb\":{\"@id\":\"https:\/\/livestockcapital.com.tr\/cattle-breeds\/meat-cattle\/red-angus\/#breadcrumb\"},\"inLanguage\":\"tr\",\"potentialAction\":[{\"@type\":\"ReadAction\",\"target\":[\"https:\/\/livestockcapital.com.tr\/cattle-breeds\/meat-cattle\/red-angus\/\"]}]},{\"@type\":\"BreadcrumbList\",\"@id\":\"https:\/\/livestockcapital.com.tr\/cattle-breeds\/meat-cattle\/red-angus\/#breadcrumb\",\"itemListElement\":[{\"@type\":\"ListItem\",\"position\":1,\"name\":\"Home\",\"item\":\"https:\/\/livestockcapital.com.tr\/\"},{\"@type\":\"ListItem\",\"position\":2,\"name\":\"Cattle Breeds\",\"item\":\"https:\/\/livestockcapital.com.tr\/cattle-breeds\/\"},{\"@type\":\"ListItem\",\"position\":3,\"name\":\"Meat Cattle\"}]}]}<\/script>\n<!-- \/ Yoast SEO plugin. -->","yoast_head_json":{"title":"Red Angus - Livestock Capital","robots":{"index":"index","follow":"follow","max-snippet":"max-snippet:-1","max-image-preview":"max-image-preview:large","max-video-preview":"max-video-preview:-1"},"canonical":"https:\/\/livestockcapital.com.tr\/tr\/cattle-breeds\/meat-cattle\/red-angus\/","next":"https:\/\/livestockcapital.com.tr\/cattle-breeds\/meat-cattle\/red-angus\/2\/","og_locale":"tr_TR","og_type":"article","og_title":"Red Angus - Livestock Capital","og_description":"Natural marbling for tasty, tender beef &#8211; The market is calling for carcasses with more marbling in order to satisfy consumer demand. The heritability of marbling is moderately high. The correlation between marbling and tenderness is also moderately high so when cattle producers select for marbling, tenderness improves. Using Angus cattle with their superior marbling ability opens the door to improved beef tenderness and increased consumer acceptance of beef Preferred carcass size and quality &#8211; Research demonstrates that Angus sires [&hellip;]","og_url":"https:\/\/livestockcapital.com.tr\/tr\/cattle-breeds\/meat-cattle\/red-angus\/","og_site_name":"Livestock Capital","article_modified_time":"2019-11-14T12:43:32+00:00","og_image":[{"width":1600,"height":902,"url":"https:\/\/livestockcapital.com.tr\/wp-content\/uploads\/2019\/11\/redangus.jpg","path":"\/home\/tmcwebtr\/livestockcapital.com.tr\/wp-content\/uploads\/2019\/11\/redangus.jpg","size":"full","id":502,"alt":"","pixels":1443200,"type":"image\/jpeg"}],"twitter_card":"summary_large_image","twitter_misc":{"Tahmini okuma s\u00fcresi":"1 dakika"},"schema":{"@context":"https:\/\/schema.org","@graph":[{"@type":"WebSite","@id":"https:\/\/livestockcapital.com.tr\/#website","url":"https:\/\/livestockcapital.com.tr\/","name":"Livestock Capital","description":"Livestock Capital LTD.","potentialAction":[{"@type":"SearchAction","target":{"@type":"EntryPoint","urlTemplate":"https:\/\/livestockcapital.com.tr\/?s={search_term_string}"},"query-input":"required name=search_term_string"}],"inLanguage":"tr"},{"@type":"ImageObject","@id":"https:\/\/livestockcapital.com.tr\/cattle-breeds\/meat-cattle\/red-angus\/#primaryimage","inLanguage":"tr","url":"https:\/\/livestockcapital.com.tr\/wp-content\/uploads\/2019\/11\/redangus.jpg","contentUrl":"https:\/\/livestockcapital.com.tr\/wp-content\/uploads\/2019\/11\/redangus.jpg","width":1600,"height":902},{"@type":"WebPage","@id":"https:\/\/livestockcapital.com.tr\/cattle-breeds\/meat-cattle\/red-angus\/#webpage","url":"https:\/\/livestockcapital.com.tr\/cattle-breeds\/meat-cattle\/red-angus\/","name":"Red Angus - Livestock Capital","isPartOf":{"@id":"https:\/\/livestockcapital.com.tr\/#website"},"primaryImageOfPage":{"@id":"https:\/\/livestockcapital.com.tr\/cattle-breeds\/meat-cattle\/red-angus\/#primaryimage"},"datePublished":"2019-11-11T13:11:45+00:00","dateModified":"2019-11-14T12:43:32+00:00","breadcrumb":{"@id":"https:\/\/livestockcapital.com.tr\/cattle-breeds\/meat-cattle\/red-angus\/#breadcrumb"},"inLanguage":"tr","potentialAction":[{"@type":"ReadAction","target":["https:\/\/livestockcapital.com.tr\/cattle-breeds\/meat-cattle\/red-angus\/"]}]},{"@type":"BreadcrumbList","@id":"https:\/\/livestockcapital.com.tr\/cattle-breeds\/meat-cattle\/red-angus\/#breadcrumb","itemListElement":[{"@type":"ListItem","position":1,"name":"Home","item":"https:\/\/livestockcapital.com.tr\/"},{"@type":"ListItem","position":2,"name":"Cattle Breeds","item":"https:\/\/livestockcapital.com.tr\/cattle-breeds\/"},{"@type":"ListItem","position":3,"name":"Meat Cattle"}]}]}},"_links":{"self":[{"href":"https:\/\/livestockcapital.com.tr\/tr\/wp-json\/wp\/v2\/pages\/166"}],"collection":[{"href":"https:\/\/livestockcapital.com.tr\/tr\/wp-json\/wp\/v2\/pages"}],"about":[{"href":"https:\/\/livestockcapital.com.tr\/tr\/wp-json\/wp\/v2\/types\/page"}],"author":[{"embeddable":true,"href":"https:\/\/livestockcapital.com.tr\/tr\/wp-json\/wp\/v2\/users\/1"}],"replies":[{"embeddable":true,"href":"https:\/\/livestockcapital.com.tr\/tr\/wp-json\/wp\/v2\/comments?post=166"}],"version-history":[{"count":4,"href":"https:\/\/livestockcapital.com.tr\/tr\/wp-json\/wp\/v2\/pages\/166\/revisions"}],"predecessor-version":[{"id":673,"href":"https:\/\/livestockcapital.com.tr\/tr\/wp-json\/wp\/v2\/pages\/166\/revisions\/673"}],"up":[{"embeddable":true,"href":"https:\/\/livestockcapital.com.tr\/tr\/wp-json\/wp\/v2\/pages\/88"}],"wp:featuredmedia":[{"embeddable":true,"href":"https:\/\/livestockcapital.com.tr\/tr\/wp-json\/wp\/v2\/media\/502"}],"wp:attachment":[{"href":"https:\/\/livestockcapital.com.tr\/tr\/wp-json\/wp\/v2\/media?parent=166"}],"curies":[{"name":"wp","href":"https:\/\/api.w.org\/{rel}","templated":true}]}}