{"id":215,"date":"2019-11-11T16:38:41","date_gmt":"2019-11-11T13:38:41","guid":{"rendered":"http:\/\/livestockcapital.com.tr\/?page_id=215"},"modified":"2019-11-14T16:11:53","modified_gmt":"2019-11-14T13:11:53","slug":"parthenaise","status":"publish","type":"page","link":"https:\/\/livestockcapital.com.tr\/tr\/cattle-breeds\/meat-cattle\/parthenaise\/","title":{"rendered":"Parthenaise"},"content":{"rendered":"<p>Parthenais'in boynu, g\u00f6zleri, kulaklar\u0131 ve \u00e7eneyi koyu kahverengiden siyaha, koyu kahverengi bir renkte, k\u0131rm\u0131z\u0131ms\u0131 ve kabar\u0131kt\u0131r. Y\u00fcz ve burnu kibard\u0131r. Burnu, toynaklar\u0131 ve kuyru\u011fu siyaht\u0131r.<\/p>\n\n\n\n<p>Safkan s\u0131\u011f\u0131rlar iyi g\u00f6vdeli, \u00e7ift kasl\u0131 (Bel\u00e7ika Mavisi kadar b\u00fcy\u00fck de\u011fil) ve kas-kemik oran\u0131n\u0131n y\u00fcksek oldu\u011fu bir hayvand\u0131r. \u00d6rne\u011fin, safkanlar 'nin \u00fczerinde et oran\u0131na sahipken, tam safkanlar 'nin \u00fczerinde kesilir. Frans\u0131z h\u00fck\u00fcmeti istatistikleri Parthenaise'\u0131n y\u00fcksek verimli, kaliteli ve ya\u011fs\u0131z et \u00fcrettiklerini g\u00f6stermektedir.<\/p>\n\n\n\n<p>Parthenais her t\u00fcrl\u00fc arazide b\u00fcy\u00fcr ve farkl\u0131 iklim ko\u015fullar\u0131yla ba\u015f edebilir ve hastal\u0131klara diren\u00e7lidir. Onlar \u00e7ok hareketli ve tutumludur.<\/p>\n\n\n\n<h4><strong><a href=\"https:\/\/livestockcapital.com.tr\/tr\/cattle-breeds\/meat-cattle\/parthenaise\/2\/\">Galeri<\/a><\/strong><\/h4>\n\n\n\n<!--nextpage-->\n\n\n\n<figure class=\"wp-block-gallery columns-3 is-cropped\"><ul class=\"blocks-gallery-grid\"><li class=\"blocks-gallery-item\"><figure><a href=\"https:\/\/livestockcapital.com.tr\/wp-content\/uploads\/2019\/11\/PA6.jpg\"><img loading=\"lazy\" width=\"1024\" height=\"683\" src=\"https:\/\/livestockcapital.com.tr\/wp-content\/uploads\/2019\/11\/PA6-1024x683.jpg\" alt=\"\" data-id=\"219\" data-full-url=\"https:\/\/livestockcapital.com.tr\/wp-content\/uploads\/2019\/11\/PA6.jpg\" data-link=\"https:\/\/livestockcapital.com.tr\/cattle-breeds\/meat-cattle\/parthenaise\/pa6\/\" class=\"wp-image-219\" srcset=\"https:\/\/livestockcapital.com.tr\/wp-content\/uploads\/2019\/11\/PA6-1024x683.jpg 1024w, https:\/\/livestockcapital.com.tr\/wp-content\/uploads\/2019\/11\/PA6-300x200.jpg 300w, https:\/\/livestockcapital.com.tr\/wp-content\/uploads\/2019\/11\/PA6-768x512.jpg 768w, https:\/\/livestockcapital.com.tr\/wp-content\/uploads\/2019\/11\/PA6.jpg 1200w\" sizes=\"(max-width: 1024px) 100vw, 1024px\" \/><\/a><\/figure><\/li><li class=\"blocks-gallery-item\"><figure><a href=\"https:\/\/livestockcapital.com.tr\/wp-content\/uploads\/2019\/11\/PA9.png\"><img loading=\"lazy\" width=\"1024\" height=\"683\" src=\"https:\/\/livestockcapital.com.tr\/wp-content\/uploads\/2019\/11\/PA9.png\" alt=\"\" data-id=\"221\" data-full-url=\"https:\/\/livestockcapital.com.tr\/wp-content\/uploads\/2019\/11\/PA9.png\" data-link=\"https:\/\/livestockcapital.com.tr\/cattle-breeds\/meat-cattle\/parthenaise\/pa9\/\" class=\"wp-image-221\" srcset=\"https:\/\/livestockcapital.com.tr\/wp-content\/uploads\/2019\/11\/PA9.png 1024w, https:\/\/livestockcapital.com.tr\/wp-content\/uploads\/2019\/11\/PA9-300x200.png 300w, https:\/\/livestockcapital.com.tr\/wp-content\/uploads\/2019\/11\/PA9-768x512.png 768w\" sizes=\"(max-width: 1024px) 100vw, 1024px\" \/><\/a><\/figure><\/li><li class=\"blocks-gallery-item\"><figure><a href=\"https:\/\/livestockcapital.com.tr\/wp-content\/uploads\/2019\/11\/part-1.jpg\"><img loading=\"lazy\" width=\"1024\" height=\"682\" src=\"https:\/\/livestockcapital.com.tr\/wp-content\/uploads\/2019\/11\/part-1-1024x682.jpg\" alt=\"\" data-id=\"690\" data-full-url=\"https:\/\/livestockcapital.com.tr\/wp-content\/uploads\/2019\/11\/part-1.jpg\" data-link=\"https:\/\/livestockcapital.com.tr\/cattle-breeds\/meat-cattle\/parthenaise\/part-1\/\" class=\"wp-image-690\" srcset=\"https:\/\/livestockcapital.com.tr\/wp-content\/uploads\/2019\/11\/part-1-1024x682.jpg 1024w, https:\/\/livestockcapital.com.tr\/wp-content\/uploads\/2019\/11\/part-1-300x200.jpg 300w, https:\/\/livestockcapital.com.tr\/wp-content\/uploads\/2019\/11\/part-1-768x512.jpg 768w, https:\/\/livestockcapital.com.tr\/wp-content\/uploads\/2019\/11\/part-1.jpg 1180w\" sizes=\"(max-width: 1024px) 100vw, 1024px\" \/><\/a><\/figure><\/li><li class=\"blocks-gallery-item\"><figure><a href=\"https:\/\/livestockcapital.com.tr\/wp-content\/uploads\/2019\/11\/145608_yu.jpg\"><img loading=\"lazy\" width=\"1024\" height=\"481\" src=\"https:\/\/livestockcapital.com.tr\/wp-content\/uploads\/2019\/11\/145608_yu-1024x481.jpg\" alt=\"\" data-id=\"686\" data-full-url=\"https:\/\/livestockcapital.com.tr\/wp-content\/uploads\/2019\/11\/145608_yu.jpg\" data-link=\"https:\/\/livestockcapital.com.tr\/cattle-breeds\/meat-cattle\/parthenaise\/145608_yu\/\" class=\"wp-image-686\" srcset=\"https:\/\/livestockcapital.com.tr\/wp-content\/uploads\/2019\/11\/145608_yu-1024x481.jpg 1024w, https:\/\/livestockcapital.com.tr\/wp-content\/uploads\/2019\/11\/145608_yu-300x141.jpg 300w, https:\/\/livestockcapital.com.tr\/wp-content\/uploads\/2019\/11\/145608_yu-768x361.jpg 768w, https:\/\/livestockcapital.com.tr\/wp-content\/uploads\/2019\/11\/145608_yu-1536x722.jpg 1536w, https:\/\/livestockcapital.com.tr\/wp-content\/uploads\/2019\/11\/145608_yu-2048x963.jpg 2048w\" sizes=\"(max-width: 1024px) 100vw, 1024px\" \/><\/a><\/figure><\/li><li class=\"blocks-gallery-item\"><figure><a href=\"https:\/\/livestockcapital.com.tr\/wp-content\/uploads\/2019\/11\/BOLIDE_-_BZB_770_490_85_c1.jpg\"><img loading=\"lazy\" width=\"1024\" height=\"682\" src=\"https:\/\/livestockcapital.com.tr\/wp-content\/uploads\/2019\/11\/BOLIDE_-_BZB_770_490_85_c1-1024x682.jpg\" alt=\"\" data-id=\"687\" data-full-url=\"https:\/\/livestockcapital.com.tr\/wp-content\/uploads\/2019\/11\/BOLIDE_-_BZB_770_490_85_c1.jpg\" data-link=\"https:\/\/livestockcapital.com.tr\/cattle-breeds\/meat-cattle\/parthenaise\/bolide_-_bzb_770_490_85_c1\/\" class=\"wp-image-687\" srcset=\"https:\/\/livestockcapital.com.tr\/wp-content\/uploads\/2019\/11\/BOLIDE_-_BZB_770_490_85_c1-1024x682.jpg 1024w, https:\/\/livestockcapital.com.tr\/wp-content\/uploads\/2019\/11\/BOLIDE_-_BZB_770_490_85_c1-300x200.jpg 300w, https:\/\/livestockcapital.com.tr\/wp-content\/uploads\/2019\/11\/BOLIDE_-_BZB_770_490_85_c1-768x512.jpg 768w, https:\/\/livestockcapital.com.tr\/wp-content\/uploads\/2019\/11\/BOLIDE_-_BZB_770_490_85_c1.jpg 1180w\" sizes=\"(max-width: 1024px) 100vw, 1024px\" \/><\/a><\/figure><\/li><li class=\"blocks-gallery-item\"><figure><a href=\"https:\/\/livestockcapital.com.tr\/wp-content\/uploads\/2019\/11\/DSCF5089-scaled.jpg\"><img loading=\"lazy\" width=\"1024\" height=\"718\" src=\"https:\/\/livestockcapital.com.tr\/wp-content\/uploads\/2019\/11\/DSCF5089-1024x718.jpg\" alt=\"\" data-id=\"688\" data-full-url=\"https:\/\/livestockcapital.com.tr\/wp-content\/uploads\/2019\/11\/DSCF5089-scaled.jpg\" data-link=\"https:\/\/livestockcapital.com.tr\/cattle-breeds\/meat-cattle\/parthenaise\/dscf5089\/\" class=\"wp-image-688\" srcset=\"https:\/\/livestockcapital.com.tr\/wp-content\/uploads\/2019\/11\/DSCF5089-1024x718.jpg 1024w, https:\/\/livestockcapital.com.tr\/wp-content\/uploads\/2019\/11\/DSCF5089-300x210.jpg 300w, https:\/\/livestockcapital.com.tr\/wp-content\/uploads\/2019\/11\/DSCF5089-768x538.jpg 768w, https:\/\/livestockcapital.com.tr\/wp-content\/uploads\/2019\/11\/DSCF5089-1536x1077.jpg 1536w, https:\/\/livestockcapital.com.tr\/wp-content\/uploads\/2019\/11\/DSCF5089-2048x1436.jpg 2048w\" sizes=\"(max-width: 1024px) 100vw, 1024px\" \/><\/a><\/figure><\/li><li class=\"blocks-gallery-item\"><figure><a href=\"https:\/\/livestockcapital.com.tr\/wp-content\/uploads\/2019\/11\/maxresdefault.jpg\"><img loading=\"lazy\" width=\"1024\" height=\"682\" src=\"https:\/\/livestockcapital.com.tr\/wp-content\/uploads\/2019\/11\/maxresdefault-1024x682.jpg\" alt=\"\" data-id=\"689\" data-full-url=\"https:\/\/livestockcapital.com.tr\/wp-content\/uploads\/2019\/11\/maxresdefault.jpg\" data-link=\"https:\/\/livestockcapital.com.tr\/cattle-breeds\/meat-cattle\/parthenaise\/maxresdefault\/\" class=\"wp-image-689\" srcset=\"https:\/\/livestockcapital.com.tr\/wp-content\/uploads\/2019\/11\/maxresdefault-1024x682.jpg 1024w, https:\/\/livestockcapital.com.tr\/wp-content\/uploads\/2019\/11\/maxresdefault-300x200.jpg 300w, https:\/\/livestockcapital.com.tr\/wp-content\/uploads\/2019\/11\/maxresdefault-768x512.jpg 768w, https:\/\/livestockcapital.com.tr\/wp-content\/uploads\/2019\/11\/maxresdefault.jpg 1180w\" sizes=\"(max-width: 1024px) 100vw, 1024px\" \/><\/a><\/figure><\/li><li class=\"blocks-gallery-item\"><figure><a href=\"https:\/\/livestockcapital.com.tr\/wp-content\/uploads\/2019\/11\/photo-french-bull-2-e1488577127776-794x400.jpg\"><img loading=\"lazy\" width=\"794\" height=\"400\" src=\"https:\/\/livestockcapital.com.tr\/wp-content\/uploads\/2019\/11\/photo-french-bull-2-e1488577127776-794x400.jpg\" alt=\"\" data-id=\"691\" data-full-url=\"https:\/\/livestockcapital.com.tr\/wp-content\/uploads\/2019\/11\/photo-french-bull-2-e1488577127776-794x400.jpg\" data-link=\"https:\/\/livestockcapital.com.tr\/cattle-breeds\/meat-cattle\/parthenaise\/photo-french-bull-2-e1488577127776-794x400\/\" class=\"wp-image-691\" srcset=\"https:\/\/livestockcapital.com.tr\/wp-content\/uploads\/2019\/11\/photo-french-bull-2-e1488577127776-794x400.jpg 794w, https:\/\/livestockcapital.com.tr\/wp-content\/uploads\/2019\/11\/photo-french-bull-2-e1488577127776-794x400-300x151.jpg 300w, https:\/\/livestockcapital.com.tr\/wp-content\/uploads\/2019\/11\/photo-french-bull-2-e1488577127776-794x400-768x387.jpg 768w\" sizes=\"(max-width: 794px) 100vw, 794px\" \/><\/a><\/figure><\/li><li class=\"blocks-gallery-item\"><figure><a href=\"https:\/\/livestockcapital.com.tr\/wp-content\/uploads\/2019\/11\/Taureau_parthenais-scaled.jpg\"><img loading=\"lazy\" width=\"1024\" height=\"681\" src=\"https:\/\/livestockcapital.com.tr\/wp-content\/uploads\/2019\/11\/Taureau_parthenais-1024x681.jpg\" alt=\"\" data-id=\"692\" data-full-url=\"https:\/\/livestockcapital.com.tr\/wp-content\/uploads\/2019\/11\/Taureau_parthenais-scaled.jpg\" data-link=\"https:\/\/livestockcapital.com.tr\/cattle-breeds\/meat-cattle\/parthenaise\/taureau_parthenais\/\" class=\"wp-image-692\" srcset=\"https:\/\/livestockcapital.com.tr\/wp-content\/uploads\/2019\/11\/Taureau_parthenais-1024x681.jpg 1024w, https:\/\/livestockcapital.com.tr\/wp-content\/uploads\/2019\/11\/Taureau_parthenais-300x199.jpg 300w, https:\/\/livestockcapital.com.tr\/wp-content\/uploads\/2019\/11\/Taureau_parthenais-768x511.jpg 768w, https:\/\/livestockcapital.com.tr\/wp-content\/uploads\/2019\/11\/Taureau_parthenais-1536x1021.jpg 1536w, https:\/\/livestockcapital.com.tr\/wp-content\/uploads\/2019\/11\/Taureau_parthenais-2048x1362.jpg 2048w\" sizes=\"(max-width: 1024px) 100vw, 1024px\" \/><\/a><\/figure><\/li><\/ul><\/figure>","protected":false},"excerpt":{"rendered":"<p>The Parthenais are reddish buckskin to a dark brown color with dark brown to black around the neck, eyes, ears and jaw. The face and muzzle are lighter. The nose, hooves, and tail are black. Fullblood cattle are well framed, double-muscled (not as large as the Belgian Blue) and have a high muscle-to-bone ratio. For example purebreds will dress out over 67% while fullbloods cut out at over 77%. French government statistics show Parthenaise to be highly productive, fertile producers [&hellip;]<\/p>","protected":false},"author":1,"featured_media":509,"parent":88,"menu_order":10,"comment_status":"closed","ping_status":"closed","template":"","meta":[],"yoast_head":"<!-- This site is optimized with the Yoast SEO plugin v17.2.1 - https:\/\/yoast.com\/wordpress\/plugins\/seo\/ -->\n<title>Parthenaise - Livestock Capital<\/title>\n<meta name=\"robots\" content=\"index, follow, max-snippet:-1, max-image-preview:large, max-video-preview:-1\" \/>\n<link rel=\"canonical\" href=\"https:\/\/livestockcapital.com.tr\/tr\/cattle-breeds\/meat-cattle\/parthenaise\/\" \/>\n<link rel=\"next\" href=\"https:\/\/livestockcapital.com.tr\/cattle-breeds\/meat-cattle\/parthenaise\/2\/\" \/>\n<meta property=\"og:locale\" content=\"tr_TR\" \/>\n<meta property=\"og:type\" content=\"article\" \/>\n<meta property=\"og:title\" content=\"Parthenaise - Livestock Capital\" \/>\n<meta property=\"og:description\" content=\"The Parthenais are reddish buckskin to a dark brown color with dark brown to black around the neck, eyes, ears and jaw. The face and muzzle are lighter. The nose, hooves, and tail are black. Fullblood cattle are well framed, double-muscled (not as large as the Belgian Blue) and have a high muscle-to-bone ratio. For example purebreds will dress out over 67% while fullbloods cut out at over 77%. French government statistics show Parthenaise to be highly productive, fertile producers [&hellip;]\" \/>\n<meta property=\"og:url\" content=\"https:\/\/livestockcapital.com.tr\/tr\/cattle-breeds\/meat-cattle\/parthenaise\/\" \/>\n<meta property=\"og:site_name\" content=\"Livestock Capital\" \/>\n<meta property=\"article:modified_time\" content=\"2019-11-14T13:11:53+00:00\" \/>\n<meta property=\"og:image\" content=\"https:\/\/livestockcapital.com.tr\/wp-content\/uploads\/2019\/11\/Parthenaise.jpg\" \/>\n\t<meta property=\"og:image:width\" content=\"1920\" \/>\n\t<meta property=\"og:image:height\" content=\"1080\" \/>\n<meta name=\"twitter:card\" content=\"summary_large_image\" \/>\n<meta name=\"twitter:label1\" content=\"Tahmini okuma s\u00fcresi\" \/>\n\t<meta name=\"twitter:data1\" content=\"1 dakika\" \/>\n<script type=\"application\/ld+json\" class=\"yoast-schema-graph\">{\"@context\":\"https:\/\/schema.org\",\"@graph\":[{\"@type\":\"WebSite\",\"@id\":\"https:\/\/livestockcapital.com.tr\/#website\",\"url\":\"https:\/\/livestockcapital.com.tr\/\",\"name\":\"Livestock Capital\",\"description\":\"Livestock Capital LTD.\",\"potentialAction\":[{\"@type\":\"SearchAction\",\"target\":{\"@type\":\"EntryPoint\",\"urlTemplate\":\"https:\/\/livestockcapital.com.tr\/?s={search_term_string}\"},\"query-input\":\"required name=search_term_string\"}],\"inLanguage\":\"tr\"},{\"@type\":\"ImageObject\",\"@id\":\"https:\/\/livestockcapital.com.tr\/cattle-breeds\/meat-cattle\/parthenaise\/#primaryimage\",\"inLanguage\":\"tr\",\"url\":\"https:\/\/livestockcapital.com.tr\/wp-content\/uploads\/2019\/11\/Parthenaise.jpg\",\"contentUrl\":\"https:\/\/livestockcapital.com.tr\/wp-content\/uploads\/2019\/11\/Parthenaise.jpg\",\"width\":1920,\"height\":1080},{\"@type\":\"WebPage\",\"@id\":\"https:\/\/livestockcapital.com.tr\/cattle-breeds\/meat-cattle\/parthenaise\/#webpage\",\"url\":\"https:\/\/livestockcapital.com.tr\/cattle-breeds\/meat-cattle\/parthenaise\/\",\"name\":\"Parthenaise - Livestock Capital\",\"isPartOf\":{\"@id\":\"https:\/\/livestockcapital.com.tr\/#website\"},\"primaryImageOfPage\":{\"@id\":\"https:\/\/livestockcapital.com.tr\/cattle-breeds\/meat-cattle\/parthenaise\/#primaryimage\"},\"datePublished\":\"2019-11-11T13:38:41+00:00\",\"dateModified\":\"2019-11-14T13:11:53+00:00\",\"breadcrumb\":{\"@id\":\"https:\/\/livestockcapital.com.tr\/cattle-breeds\/meat-cattle\/parthenaise\/#breadcrumb\"},\"inLanguage\":\"tr\",\"potentialAction\":[{\"@type\":\"ReadAction\",\"target\":[\"https:\/\/livestockcapital.com.tr\/cattle-breeds\/meat-cattle\/parthenaise\/\"]}]},{\"@type\":\"BreadcrumbList\",\"@id\":\"https:\/\/livestockcapital.com.tr\/cattle-breeds\/meat-cattle\/parthenaise\/#breadcrumb\",\"itemListElement\":[{\"@type\":\"ListItem\",\"position\":1,\"name\":\"Home\",\"item\":\"https:\/\/livestockcapital.com.tr\/\"},{\"@type\":\"ListItem\",\"position\":2,\"name\":\"Cattle Breeds\",\"item\":\"https:\/\/livestockcapital.com.tr\/cattle-breeds\/\"},{\"@type\":\"ListItem\",\"position\":3,\"name\":\"Meat Cattle\"}]}]}<\/script>\n<!-- \/ Yoast SEO plugin. -->","yoast_head_json":{"title":"Parthenaise - Livestock Capital","robots":{"index":"index","follow":"follow","max-snippet":"max-snippet:-1","max-image-preview":"max-image-preview:large","max-video-preview":"max-video-preview:-1"},"canonical":"https:\/\/livestockcapital.com.tr\/tr\/cattle-breeds\/meat-cattle\/parthenaise\/","next":"https:\/\/livestockcapital.com.tr\/cattle-breeds\/meat-cattle\/parthenaise\/2\/","og_locale":"tr_TR","og_type":"article","og_title":"Parthenaise - Livestock Capital","og_description":"The Parthenais are reddish buckskin to a dark brown color with dark brown to black around the neck, eyes, ears and jaw. The face and muzzle are lighter. The nose, hooves, and tail are black. Fullblood cattle are well framed, double-muscled (not as large as the Belgian Blue) and have a high muscle-to-bone ratio. For example purebreds will dress out over 67% while fullbloods cut out at over 77%. French government statistics show Parthenaise to be highly productive, fertile producers [&hellip;]","og_url":"https:\/\/livestockcapital.com.tr\/tr\/cattle-breeds\/meat-cattle\/parthenaise\/","og_site_name":"Livestock Capital","article_modified_time":"2019-11-14T13:11:53+00:00","og_image":[{"width":1920,"height":1080,"url":"https:\/\/livestockcapital.com.tr\/wp-content\/uploads\/2019\/11\/Parthenaise.jpg","path":"\/home\/tmcwebtr\/livestockcapital.com.tr\/wp-content\/uploads\/2019\/11\/Parthenaise.jpg","size":"full","id":509,"alt":"","pixels":2073600,"type":"image\/jpeg"}],"twitter_card":"summary_large_image","twitter_misc":{"Tahmini okuma s\u00fcresi":"1 dakika"},"schema":{"@context":"https:\/\/schema.org","@graph":[{"@type":"WebSite","@id":"https:\/\/livestockcapital.com.tr\/#website","url":"https:\/\/livestockcapital.com.tr\/","name":"Livestock Capital","description":"Livestock Capital LTD.","potentialAction":[{"@type":"SearchAction","target":{"@type":"EntryPoint","urlTemplate":"https:\/\/livestockcapital.com.tr\/?s={search_term_string}"},"query-input":"required name=search_term_string"}],"inLanguage":"tr"},{"@type":"ImageObject","@id":"https:\/\/livestockcapital.com.tr\/cattle-breeds\/meat-cattle\/parthenaise\/#primaryimage","inLanguage":"tr","url":"https:\/\/livestockcapital.com.tr\/wp-content\/uploads\/2019\/11\/Parthenaise.jpg","contentUrl":"https:\/\/livestockcapital.com.tr\/wp-content\/uploads\/2019\/11\/Parthenaise.jpg","width":1920,"height":1080},{"@type":"WebPage","@id":"https:\/\/livestockcapital.com.tr\/cattle-breeds\/meat-cattle\/parthenaise\/#webpage","url":"https:\/\/livestockcapital.com.tr\/cattle-breeds\/meat-cattle\/parthenaise\/","name":"Parthenaise - Livestock Capital","isPartOf":{"@id":"https:\/\/livestockcapital.com.tr\/#website"},"primaryImageOfPage":{"@id":"https:\/\/livestockcapital.com.tr\/cattle-breeds\/meat-cattle\/parthenaise\/#primaryimage"},"datePublished":"2019-11-11T13:38:41+00:00","dateModified":"2019-11-14T13:11:53+00:00","breadcrumb":{"@id":"https:\/\/livestockcapital.com.tr\/cattle-breeds\/meat-cattle\/parthenaise\/#breadcrumb"},"inLanguage":"tr","potentialAction":[{"@type":"ReadAction","target":["https:\/\/livestockcapital.com.tr\/cattle-breeds\/meat-cattle\/parthenaise\/"]}]},{"@type":"BreadcrumbList","@id":"https:\/\/livestockcapital.com.tr\/cattle-breeds\/meat-cattle\/parthenaise\/#breadcrumb","itemListElement":[{"@type":"ListItem","position":1,"name":"Home","item":"https:\/\/livestockcapital.com.tr\/"},{"@type":"ListItem","position":2,"name":"Cattle Breeds","item":"https:\/\/livestockcapital.com.tr\/cattle-breeds\/"},{"@type":"ListItem","position":3,"name":"Meat Cattle"}]}]}},"_links":{"self":[{"href":"https:\/\/livestockcapital.com.tr\/tr\/wp-json\/wp\/v2\/pages\/215"}],"collection":[{"href":"https:\/\/livestockcapital.com.tr\/tr\/wp-json\/wp\/v2\/pages"}],"about":[{"href":"https:\/\/livestockcapital.com.tr\/tr\/wp-json\/wp\/v2\/types\/page"}],"author":[{"embeddable":true,"href":"https:\/\/livestockcapital.com.tr\/tr\/wp-json\/wp\/v2\/users\/1"}],"replies":[{"embeddable":true,"href":"https:\/\/livestockcapital.com.tr\/tr\/wp-json\/wp\/v2\/comments?post=215"}],"version-history":[{"count":4,"href":"https:\/\/livestockcapital.com.tr\/tr\/wp-json\/wp\/v2\/pages\/215\/revisions"}],"predecessor-version":[{"id":693,"href":"https:\/\/livestockcapital.com.tr\/tr\/wp-json\/wp\/v2\/pages\/215\/revisions\/693"}],"up":[{"embeddable":true,"href":"https:\/\/livestockcapital.com.tr\/tr\/wp-json\/wp\/v2\/pages\/88"}],"wp:featuredmedia":[{"embeddable":true,"href":"https:\/\/livestockcapital.com.tr\/tr\/wp-json\/wp\/v2\/media\/509"}],"wp:attachment":[{"href":"https:\/\/livestockcapital.com.tr\/tr\/wp-json\/wp\/v2\/media?parent=215"}],"curies":[{"name":"wp","href":"https:\/\/api.w.org\/{rel}","templated":true}]}}