{"id":253,"date":"2019-11-12T10:24:29","date_gmt":"2019-11-12T07:24:29","guid":{"rendered":"http:\/\/livestockcapital.com.tr\/?page_id=253"},"modified":"2019-11-15T10:37:48","modified_gmt":"2019-11-15T07:37:48","slug":"piemontais","status":"publish","type":"page","link":"https:\/\/livestockcapital.com.tr\/tr\/cattle-breeds\/meat-cattle\/piemontais\/","title":{"rendered":"Piedmontese"},"content":{"rendered":"<p>Piedmontese genellikle burnu beyaz ila a\u00e7\u0131k gri renktedir (a\u011f\u0131z i\u00e7inde dahil), g\u00f6zlerin etraf\u0131nda kulaklar ve kuyru\u011fu p\u00fcsk\u00fcll\u00fc, toynaklar\u0131 ve boynuzlar\u0131 siyah olur. Do\u011fduklar\u0131nda buza\u011f\u0131lar\u0131n post rengi derin soluk bir a\u00e7\u0131k kahverengi renktedir.<br><br>Bu cinsler ince kemik yap\u0131s\u0131na sahip, orta b\u00fcy\u00fckl\u00fckte, geni\u015f ve kasl\u0131d\u0131r.<br><br>Yukar\u0131da belirtilen Piedmontese s\u0131\u011f\u0131rlar\u0131n\u0131n karakteristik \u00f6zelli\u011fi, daha iyi '\u00e7ift kas fakt\u00f6r\u00fc' olarak bilinen kas hipertrofisidir. \u00c7ifte kas fakt\u00f6r\u00fc, ge\u00e7en y\u00fczy\u0131l\u0131n ba\u015f\u0131nda ke\u015ffedildi ve a\u015famal\u0131 olarak, s\u00fcr\u00fc hayvanlar\u0131n\u0131n hemen hemen t\u00fcm\u00fcn\u00fcn bu \u00f6zelli\u011fe sahip oldu\u011fu ve t\u00fcr\u00fcn \u00e7ok y\u00fcksek bir y\u00fczdesi bir noktaya kadar yay\u0131ld\u0131.<br><br>Piedmontese, y\u00fcksek yem d\u00f6n\u00fc\u015f\u00fcm\u00fc ve verimlili\u011fi ile tan\u0131n\u0131r ve yem performans oran\u0131 i\u00e7in ilk s\u0131rada yer al\u0131r.<\/p>\n\n\n\n<h4><strong><a href=\"https:\/\/livestockcapital.com.tr\/tr\/cattle-breeds\/meat-cattle\/piemontais\/2\/\">Galeri<\/a><\/strong><\/h4>\n\n\n\n<!--nextpage-->\n\n\n\n<figure class=\"wp-block-gallery columns-3 is-cropped\"><ul class=\"blocks-gallery-grid\"><li class=\"blocks-gallery-item\"><figure><a href=\"https:\/\/livestockcapital.com.tr\/wp-content\/uploads\/2019\/11\/PIE2-1.jpg\"><img loading=\"lazy\" width=\"900\" height=\"603\" src=\"https:\/\/livestockcapital.com.tr\/wp-content\/uploads\/2019\/11\/PIE2-1.jpg\" alt=\"\" data-id=\"259\" data-full-url=\"https:\/\/livestockcapital.com.tr\/wp-content\/uploads\/2019\/11\/PIE2-1.jpg\" data-link=\"https:\/\/livestockcapital.com.tr\/cattle-breeds\/meat-cattle\/piemontais\/pie2-1\/\" class=\"wp-image-259\" srcset=\"https:\/\/livestockcapital.com.tr\/wp-content\/uploads\/2019\/11\/PIE2-1.jpg 900w, https:\/\/livestockcapital.com.tr\/wp-content\/uploads\/2019\/11\/PIE2-1-300x201.jpg 300w, https:\/\/livestockcapital.com.tr\/wp-content\/uploads\/2019\/11\/PIE2-1-768x515.jpg 768w\" sizes=\"(max-width: 900px) 100vw, 900px\" \/><\/a><\/figure><\/li><li class=\"blocks-gallery-item\"><figure><a href=\"https:\/\/livestockcapital.com.tr\/wp-content\/uploads\/2019\/11\/Piedmontese-1.jpeg\"><img loading=\"lazy\" width=\"1024\" height=\"788\" src=\"https:\/\/livestockcapital.com.tr\/wp-content\/uploads\/2019\/11\/Piedmontese-1-1024x788.jpeg\" alt=\"\" data-id=\"703\" data-full-url=\"https:\/\/livestockcapital.com.tr\/wp-content\/uploads\/2019\/11\/Piedmontese-1.jpeg\" data-link=\"https:\/\/livestockcapital.com.tr\/cattle-breeds\/meat-cattle\/piemontais\/piedmontese-1\/\" class=\"wp-image-703\" srcset=\"https:\/\/livestockcapital.com.tr\/wp-content\/uploads\/2019\/11\/Piedmontese-1-1024x788.jpeg 1024w, https:\/\/livestockcapital.com.tr\/wp-content\/uploads\/2019\/11\/Piedmontese-1-300x231.jpeg 300w, https:\/\/livestockcapital.com.tr\/wp-content\/uploads\/2019\/11\/Piedmontese-1-768x591.jpeg 768w, https:\/\/livestockcapital.com.tr\/wp-content\/uploads\/2019\/11\/Piedmontese-1.jpeg 1280w\" sizes=\"(max-width: 1024px) 100vw, 1024px\" \/><\/a><\/figure><\/li><li class=\"blocks-gallery-item\"><figure><a href=\"https:\/\/livestockcapital.com.tr\/wp-content\/uploads\/2019\/11\/Piedmontese-9.jpeg\"><img loading=\"lazy\" width=\"1024\" height=\"768\" src=\"https:\/\/livestockcapital.com.tr\/wp-content\/uploads\/2019\/11\/Piedmontese-9-1024x768.jpeg\" alt=\"\" data-id=\"704\" data-full-url=\"https:\/\/livestockcapital.com.tr\/wp-content\/uploads\/2019\/11\/Piedmontese-9.jpeg\" data-link=\"https:\/\/livestockcapital.com.tr\/cattle-breeds\/meat-cattle\/piemontais\/piedmontese-9\/\" class=\"wp-image-704\" srcset=\"https:\/\/livestockcapital.com.tr\/wp-content\/uploads\/2019\/11\/Piedmontese-9-1024x768.jpeg 1024w, https:\/\/livestockcapital.com.tr\/wp-content\/uploads\/2019\/11\/Piedmontese-9-300x225.jpeg 300w, https:\/\/livestockcapital.com.tr\/wp-content\/uploads\/2019\/11\/Piedmontese-9-768x576.jpeg 768w, https:\/\/livestockcapital.com.tr\/wp-content\/uploads\/2019\/11\/Piedmontese-9.jpeg 1066w\" sizes=\"(max-width: 1024px) 100vw, 1024px\" \/><\/a><\/figure><\/li><li class=\"blocks-gallery-item\"><figure><a href=\"https:\/\/livestockcapital.com.tr\/wp-content\/uploads\/2019\/11\/Piedmontese-6.jpeg\"><img loading=\"lazy\" width=\"907\" height=\"544\" src=\"https:\/\/livestockcapital.com.tr\/wp-content\/uploads\/2019\/11\/Piedmontese-6.jpeg\" alt=\"\" data-id=\"707\" data-full-url=\"https:\/\/livestockcapital.com.tr\/wp-content\/uploads\/2019\/11\/Piedmontese-6.jpeg\" data-link=\"https:\/\/livestockcapital.com.tr\/cattle-breeds\/meat-cattle\/piemontais\/piedmontese-6\/\" class=\"wp-image-707\" srcset=\"https:\/\/livestockcapital.com.tr\/wp-content\/uploads\/2019\/11\/Piedmontese-6.jpeg 907w, https:\/\/livestockcapital.com.tr\/wp-content\/uploads\/2019\/11\/Piedmontese-6-300x180.jpeg 300w, https:\/\/livestockcapital.com.tr\/wp-content\/uploads\/2019\/11\/Piedmontese-6-768x461.jpeg 768w\" sizes=\"(max-width: 907px) 100vw, 907px\" \/><\/a><\/figure><\/li><li class=\"blocks-gallery-item\"><figure><a href=\"https:\/\/livestockcapital.com.tr\/wp-content\/uploads\/2019\/11\/Piedmontese-7.jpeg\"><img loading=\"lazy\" width=\"1024\" height=\"576\" src=\"https:\/\/livestockcapital.com.tr\/wp-content\/uploads\/2019\/11\/Piedmontese-7-1024x576.jpeg\" alt=\"\" data-id=\"705\" data-full-url=\"https:\/\/livestockcapital.com.tr\/wp-content\/uploads\/2019\/11\/Piedmontese-7.jpeg\" data-link=\"https:\/\/livestockcapital.com.tr\/cattle-breeds\/meat-cattle\/piemontais\/piedmontese-7\/\" class=\"wp-image-705\" srcset=\"https:\/\/livestockcapital.com.tr\/wp-content\/uploads\/2019\/11\/Piedmontese-7-1024x576.jpeg 1024w, https:\/\/livestockcapital.com.tr\/wp-content\/uploads\/2019\/11\/Piedmontese-7-300x169.jpeg 300w, https:\/\/livestockcapital.com.tr\/wp-content\/uploads\/2019\/11\/Piedmontese-7-768x432.jpeg 768w, https:\/\/livestockcapital.com.tr\/wp-content\/uploads\/2019\/11\/Piedmontese-7.jpeg 1280w\" sizes=\"(max-width: 1024px) 100vw, 1024px\" \/><\/a><\/figure><\/li><li class=\"blocks-gallery-item\"><figure><a href=\"https:\/\/livestockcapital.com.tr\/wp-content\/uploads\/2019\/11\/Piedmontese-5.jpeg\"><img loading=\"lazy\" width=\"1024\" height=\"768\" src=\"https:\/\/livestockcapital.com.tr\/wp-content\/uploads\/2019\/11\/Piedmontese-5-1024x768.jpeg\" alt=\"\" data-id=\"706\" data-full-url=\"https:\/\/livestockcapital.com.tr\/wp-content\/uploads\/2019\/11\/Piedmontese-5.jpeg\" data-link=\"https:\/\/livestockcapital.com.tr\/cattle-breeds\/meat-cattle\/piemontais\/piedmontese-5\/\" class=\"wp-image-706\" srcset=\"https:\/\/livestockcapital.com.tr\/wp-content\/uploads\/2019\/11\/Piedmontese-5-1024x768.jpeg 1024w, https:\/\/livestockcapital.com.tr\/wp-content\/uploads\/2019\/11\/Piedmontese-5-300x225.jpeg 300w, https:\/\/livestockcapital.com.tr\/wp-content\/uploads\/2019\/11\/Piedmontese-5-768x576.jpeg 768w, https:\/\/livestockcapital.com.tr\/wp-content\/uploads\/2019\/11\/Piedmontese-5.jpeg 1280w\" sizes=\"(max-width: 1024px) 100vw, 1024px\" \/><\/a><\/figure><\/li><li class=\"blocks-gallery-item\"><figure><a href=\"https:\/\/livestockcapital.com.tr\/wp-content\/uploads\/2019\/11\/Piedmontese-3.jpeg\"><img loading=\"lazy\" width=\"800\" height=\"605\" src=\"https:\/\/livestockcapital.com.tr\/wp-content\/uploads\/2019\/11\/Piedmontese-3.jpeg\" alt=\"\" data-id=\"709\" data-full-url=\"https:\/\/livestockcapital.com.tr\/wp-content\/uploads\/2019\/11\/Piedmontese-3.jpeg\" data-link=\"https:\/\/livestockcapital.com.tr\/cattle-breeds\/meat-cattle\/piemontais\/piedmontese-3\/\" class=\"wp-image-709\" srcset=\"https:\/\/livestockcapital.com.tr\/wp-content\/uploads\/2019\/11\/Piedmontese-3.jpeg 800w, https:\/\/livestockcapital.com.tr\/wp-content\/uploads\/2019\/11\/Piedmontese-3-300x227.jpeg 300w, https:\/\/livestockcapital.com.tr\/wp-content\/uploads\/2019\/11\/Piedmontese-3-768x581.jpeg 768w\" sizes=\"(max-width: 800px) 100vw, 800px\" \/><\/a><\/figure><\/li><li class=\"blocks-gallery-item\"><figure><a href=\"https:\/\/livestockcapital.com.tr\/wp-content\/uploads\/2019\/11\/Piedmontese-2.jpeg\"><img loading=\"lazy\" width=\"1024\" height=\"1024\" src=\"https:\/\/livestockcapital.com.tr\/wp-content\/uploads\/2019\/11\/Piedmontese-2.jpeg\" alt=\"\" data-id=\"710\" data-full-url=\"https:\/\/livestockcapital.com.tr\/wp-content\/uploads\/2019\/11\/Piedmontese-2.jpeg\" data-link=\"https:\/\/livestockcapital.com.tr\/cattle-breeds\/meat-cattle\/piemontais\/piedmontese-2\/\" class=\"wp-image-710\" srcset=\"https:\/\/livestockcapital.com.tr\/wp-content\/uploads\/2019\/11\/Piedmontese-2.jpeg 1024w, https:\/\/livestockcapital.com.tr\/wp-content\/uploads\/2019\/11\/Piedmontese-2-300x300.jpeg 300w, https:\/\/livestockcapital.com.tr\/wp-content\/uploads\/2019\/11\/Piedmontese-2-150x150.jpeg 150w, https:\/\/livestockcapital.com.tr\/wp-content\/uploads\/2019\/11\/Piedmontese-2-768x768.jpeg 768w\" sizes=\"(max-width: 1024px) 100vw, 1024px\" \/><\/a><\/figure><\/li><li class=\"blocks-gallery-item\"><figure><a href=\"https:\/\/livestockcapital.com.tr\/wp-content\/uploads\/2019\/11\/Piedmontese-4.jpeg\"><img loading=\"lazy\" width=\"1024\" height=\"530\" src=\"https:\/\/livestockcapital.com.tr\/wp-content\/uploads\/2019\/11\/Piedmontese-4-1024x530.jpeg\" alt=\"\" data-id=\"708\" data-full-url=\"https:\/\/livestockcapital.com.tr\/wp-content\/uploads\/2019\/11\/Piedmontese-4.jpeg\" data-link=\"https:\/\/livestockcapital.com.tr\/cattle-breeds\/meat-cattle\/piemontais\/piedmontese-4\/\" class=\"wp-image-708\" srcset=\"https:\/\/livestockcapital.com.tr\/wp-content\/uploads\/2019\/11\/Piedmontese-4-1024x530.jpeg 1024w, https:\/\/livestockcapital.com.tr\/wp-content\/uploads\/2019\/11\/Piedmontese-4-300x155.jpeg 300w, https:\/\/livestockcapital.com.tr\/wp-content\/uploads\/2019\/11\/Piedmontese-4-768x397.jpeg 768w, https:\/\/livestockcapital.com.tr\/wp-content\/uploads\/2019\/11\/Piedmontese-4.jpeg 1050w\" sizes=\"(max-width: 1024px) 100vw, 1024px\" \/><\/a><\/figure><\/li><\/ul><\/figure>","protected":false},"excerpt":{"rendered":"<p>The Piedmontese is generally white to light grey in color with the muzzle (including inside the mouth), around the eyes, ears, tassle of the tail, hooves and horns being black. At birth the coat color of the calves is of a deep pale fawn. The breed is of medium size with fine bone structure ,confirmation is broad and muscular with a medium sized dewlap. The particular characteristic of the Piedmontese cattle mentioned above, is the muscular hypertrophy, better known as [&hellip;]<\/p>","protected":false},"author":1,"featured_media":516,"parent":88,"menu_order":13,"comment_status":"closed","ping_status":"closed","template":"","meta":[],"yoast_head":"<!-- This site is optimized with the Yoast SEO plugin v17.2.1 - https:\/\/yoast.com\/wordpress\/plugins\/seo\/ -->\n<title>Piedmontese - Livestock Capital<\/title>\n<meta name=\"robots\" content=\"index, follow, max-snippet:-1, max-image-preview:large, max-video-preview:-1\" \/>\n<link rel=\"canonical\" href=\"https:\/\/livestockcapital.com.tr\/tr\/cattle-breeds\/meat-cattle\/piemontais\/\" \/>\n<link rel=\"next\" href=\"https:\/\/livestockcapital.com.tr\/cattle-breeds\/meat-cattle\/piemontais\/2\/\" \/>\n<meta property=\"og:locale\" content=\"tr_TR\" \/>\n<meta property=\"og:type\" content=\"article\" \/>\n<meta property=\"og:title\" content=\"Piedmontese - Livestock Capital\" \/>\n<meta property=\"og:description\" content=\"The Piedmontese is generally white to light grey in color with the muzzle (including inside the mouth), around the eyes, ears, tassle of the tail, hooves and horns being black. At birth the coat color of the calves is of a deep pale fawn. The breed is of medium size with fine bone structure ,confirmation is broad and muscular with a medium sized dewlap. The particular characteristic of the Piedmontese cattle mentioned above, is the muscular hypertrophy, better known as [&hellip;]\" \/>\n<meta property=\"og:url\" content=\"https:\/\/livestockcapital.com.tr\/tr\/cattle-breeds\/meat-cattle\/piemontais\/\" \/>\n<meta property=\"og:site_name\" content=\"Livestock Capital\" \/>\n<meta property=\"article:modified_time\" content=\"2019-11-15T07:37:48+00:00\" \/>\n<meta property=\"og:image\" content=\"https:\/\/livestockcapital.com.tr\/wp-content\/uploads\/2019\/11\/Piemontais.jpg\" \/>\n\t<meta property=\"og:image:width\" content=\"1920\" \/>\n\t<meta property=\"og:image:height\" content=\"1285\" \/>\n<meta name=\"twitter:card\" content=\"summary_large_image\" \/>\n<meta name=\"twitter:label1\" content=\"Tahmini okuma s\u00fcresi\" \/>\n\t<meta name=\"twitter:data1\" content=\"1 dakika\" \/>\n<script type=\"application\/ld+json\" class=\"yoast-schema-graph\">{\"@context\":\"https:\/\/schema.org\",\"@graph\":[{\"@type\":\"WebSite\",\"@id\":\"https:\/\/livestockcapital.com.tr\/#website\",\"url\":\"https:\/\/livestockcapital.com.tr\/\",\"name\":\"Livestock Capital\",\"description\":\"Livestock Capital LTD.\",\"potentialAction\":[{\"@type\":\"SearchAction\",\"target\":{\"@type\":\"EntryPoint\",\"urlTemplate\":\"https:\/\/livestockcapital.com.tr\/?s={search_term_string}\"},\"query-input\":\"required name=search_term_string\"}],\"inLanguage\":\"tr\"},{\"@type\":\"ImageObject\",\"@id\":\"https:\/\/livestockcapital.com.tr\/cattle-breeds\/meat-cattle\/piemontais\/#primaryimage\",\"inLanguage\":\"tr\",\"url\":\"https:\/\/livestockcapital.com.tr\/wp-content\/uploads\/2019\/11\/Piemontais.jpg\",\"contentUrl\":\"https:\/\/livestockcapital.com.tr\/wp-content\/uploads\/2019\/11\/Piemontais.jpg\",\"width\":1920,\"height\":1285},{\"@type\":\"WebPage\",\"@id\":\"https:\/\/livestockcapital.com.tr\/cattle-breeds\/meat-cattle\/piemontais\/#webpage\",\"url\":\"https:\/\/livestockcapital.com.tr\/cattle-breeds\/meat-cattle\/piemontais\/\",\"name\":\"Piedmontese - Livestock Capital\",\"isPartOf\":{\"@id\":\"https:\/\/livestockcapital.com.tr\/#website\"},\"primaryImageOfPage\":{\"@id\":\"https:\/\/livestockcapital.com.tr\/cattle-breeds\/meat-cattle\/piemontais\/#primaryimage\"},\"datePublished\":\"2019-11-12T07:24:29+00:00\",\"dateModified\":\"2019-11-15T07:37:48+00:00\",\"breadcrumb\":{\"@id\":\"https:\/\/livestockcapital.com.tr\/cattle-breeds\/meat-cattle\/piemontais\/#breadcrumb\"},\"inLanguage\":\"tr\",\"potentialAction\":[{\"@type\":\"ReadAction\",\"target\":[\"https:\/\/livestockcapital.com.tr\/cattle-breeds\/meat-cattle\/piemontais\/\"]}]},{\"@type\":\"BreadcrumbList\",\"@id\":\"https:\/\/livestockcapital.com.tr\/cattle-breeds\/meat-cattle\/piemontais\/#breadcrumb\",\"itemListElement\":[{\"@type\":\"ListItem\",\"position\":1,\"name\":\"Home\",\"item\":\"https:\/\/livestockcapital.com.tr\/\"},{\"@type\":\"ListItem\",\"position\":2,\"name\":\"Cattle Breeds\",\"item\":\"https:\/\/livestockcapital.com.tr\/cattle-breeds\/\"},{\"@type\":\"ListItem\",\"position\":3,\"name\":\"Meat Cattle\"}]}]}<\/script>\n<!-- \/ Yoast SEO plugin. -->","yoast_head_json":{"title":"Piedmontese - Livestock Capital","robots":{"index":"index","follow":"follow","max-snippet":"max-snippet:-1","max-image-preview":"max-image-preview:large","max-video-preview":"max-video-preview:-1"},"canonical":"https:\/\/livestockcapital.com.tr\/tr\/cattle-breeds\/meat-cattle\/piemontais\/","next":"https:\/\/livestockcapital.com.tr\/cattle-breeds\/meat-cattle\/piemontais\/2\/","og_locale":"tr_TR","og_type":"article","og_title":"Piedmontese - Livestock Capital","og_description":"The Piedmontese is generally white to light grey in color with the muzzle (including inside the mouth), around the eyes, ears, tassle of the tail, hooves and horns being black. At birth the coat color of the calves is of a deep pale fawn. The breed is of medium size with fine bone structure ,confirmation is broad and muscular with a medium sized dewlap. The particular characteristic of the Piedmontese cattle mentioned above, is the muscular hypertrophy, better known as [&hellip;]","og_url":"https:\/\/livestockcapital.com.tr\/tr\/cattle-breeds\/meat-cattle\/piemontais\/","og_site_name":"Livestock Capital","article_modified_time":"2019-11-15T07:37:48+00:00","og_image":[{"width":1920,"height":1285,"url":"https:\/\/livestockcapital.com.tr\/wp-content\/uploads\/2019\/11\/Piemontais.jpg","path":"\/home\/tmcwebtr\/livestockcapital.com.tr\/wp-content\/uploads\/2019\/11\/Piemontais.jpg","size":"full","id":516,"alt":"","pixels":2467200,"type":"image\/jpeg"}],"twitter_card":"summary_large_image","twitter_misc":{"Tahmini okuma s\u00fcresi":"1 dakika"},"schema":{"@context":"https:\/\/schema.org","@graph":[{"@type":"WebSite","@id":"https:\/\/livestockcapital.com.tr\/#website","url":"https:\/\/livestockcapital.com.tr\/","name":"Livestock Capital","description":"Livestock Capital LTD.","potentialAction":[{"@type":"SearchAction","target":{"@type":"EntryPoint","urlTemplate":"https:\/\/livestockcapital.com.tr\/?s={search_term_string}"},"query-input":"required name=search_term_string"}],"inLanguage":"tr"},{"@type":"ImageObject","@id":"https:\/\/livestockcapital.com.tr\/cattle-breeds\/meat-cattle\/piemontais\/#primaryimage","inLanguage":"tr","url":"https:\/\/livestockcapital.com.tr\/wp-content\/uploads\/2019\/11\/Piemontais.jpg","contentUrl":"https:\/\/livestockcapital.com.tr\/wp-content\/uploads\/2019\/11\/Piemontais.jpg","width":1920,"height":1285},{"@type":"WebPage","@id":"https:\/\/livestockcapital.com.tr\/cattle-breeds\/meat-cattle\/piemontais\/#webpage","url":"https:\/\/livestockcapital.com.tr\/cattle-breeds\/meat-cattle\/piemontais\/","name":"Piedmontese - Livestock Capital","isPartOf":{"@id":"https:\/\/livestockcapital.com.tr\/#website"},"primaryImageOfPage":{"@id":"https:\/\/livestockcapital.com.tr\/cattle-breeds\/meat-cattle\/piemontais\/#primaryimage"},"datePublished":"2019-11-12T07:24:29+00:00","dateModified":"2019-11-15T07:37:48+00:00","breadcrumb":{"@id":"https:\/\/livestockcapital.com.tr\/cattle-breeds\/meat-cattle\/piemontais\/#breadcrumb"},"inLanguage":"tr","potentialAction":[{"@type":"ReadAction","target":["https:\/\/livestockcapital.com.tr\/cattle-breeds\/meat-cattle\/piemontais\/"]}]},{"@type":"BreadcrumbList","@id":"https:\/\/livestockcapital.com.tr\/cattle-breeds\/meat-cattle\/piemontais\/#breadcrumb","itemListElement":[{"@type":"ListItem","position":1,"name":"Home","item":"https:\/\/livestockcapital.com.tr\/"},{"@type":"ListItem","position":2,"name":"Cattle Breeds","item":"https:\/\/livestockcapital.com.tr\/cattle-breeds\/"},{"@type":"ListItem","position":3,"name":"Meat Cattle"}]}]}},"_links":{"self":[{"href":"https:\/\/livestockcapital.com.tr\/tr\/wp-json\/wp\/v2\/pages\/253"}],"collection":[{"href":"https:\/\/livestockcapital.com.tr\/tr\/wp-json\/wp\/v2\/pages"}],"about":[{"href":"https:\/\/livestockcapital.com.tr\/tr\/wp-json\/wp\/v2\/types\/page"}],"author":[{"embeddable":true,"href":"https:\/\/livestockcapital.com.tr\/tr\/wp-json\/wp\/v2\/users\/1"}],"replies":[{"embeddable":true,"href":"https:\/\/livestockcapital.com.tr\/tr\/wp-json\/wp\/v2\/comments?post=253"}],"version-history":[{"count":5,"href":"https:\/\/livestockcapital.com.tr\/tr\/wp-json\/wp\/v2\/pages\/253\/revisions"}],"predecessor-version":[{"id":711,"href":"https:\/\/livestockcapital.com.tr\/tr\/wp-json\/wp\/v2\/pages\/253\/revisions\/711"}],"up":[{"embeddable":true,"href":"https:\/\/livestockcapital.com.tr\/tr\/wp-json\/wp\/v2\/pages\/88"}],"wp:featuredmedia":[{"embeddable":true,"href":"https:\/\/livestockcapital.com.tr\/tr\/wp-json\/wp\/v2\/media\/516"}],"wp:attachment":[{"href":"https:\/\/livestockcapital.com.tr\/tr\/wp-json\/wp\/v2\/media?parent=253"}],"curies":[{"name":"wp","href":"https:\/\/api.w.org\/{rel}","templated":true}]}}