{"id":301,"date":"2019-11-12T10:41:48","date_gmt":"2019-11-12T07:41:48","guid":{"rendered":"http:\/\/livestockcapital.com.tr\/?page_id=301"},"modified":"2019-11-27T14:09:48","modified_gmt":"2019-11-27T11:09:48","slug":"normande","status":"publish","type":"page","link":"https:\/\/livestockcapital.com.tr\/tr\/cattle-breeds\/mixed-breed\/normande\/","title":{"rendered":"Normande"},"content":{"rendered":"<p>Normande \u0131rk\u0131, Fransa'n\u0131n kuzeybat\u0131s\u0131nda bulunan Normandiya b\u00f6lgesinde ya\u015fayan bir s\u00fct s\u0131\u011f\u0131r\u0131d\u0131r. \u00dcretti\u011fi s\u00fct\u00fcn ya\u011f oran\u0131 fazla oldu\u011fundan dolay\u0131 tereya\u011f ve peynir yapmak i\u00e7in tercih edilir ve etinin kalitesinden dolay\u0131 da yeti\u015ftirilir.<\/p>\n\n\n\n<p>Normande b\u00fcy\u00fck g\u00f6vdeli bir hayvand\u0131r: inekler genellikle 700-800kg ve bo\u011falar ise 1100kg a\u011f\u0131rl\u0131\u011f\u0131ndad\u0131rlar. Postu genellikle k\u0131rm\u0131z\u0131-alacal\u0131 veya benekli olur ayn\u0131 zamanda siyah-alacal\u0131 veya sar\u0131\u015f\u0131n renklerde olabilir. Kafas\u0131 genellikle beyazd\u0131r ve g\u00f6zlerin \u00e7evresinde karart\u0131l\u0131 renkler bulunur, bu da g\u00f6zl\u00fckl\u00fcym\u00fc\u015f gibi bir g\u00f6r\u00fcn\u00fcm verir. Ciltleri beyaz ve a\u011f\u0131z \u00e7evresi karad\u0131r.<\/p>\n\n\n\n<p>Normande \u0131rk\u0131 uzun \u00f6m\u00fcrl\u00fcd\u00fcr ve buza\u011f\u0131 bak\u0131mlar\u0131 kolayd\u0131r. Normandiya'da genellikle \u00e7imlik alanlarda beslenir ancak di\u011fer ortamlara da iyi adapte olabilirler. G\u00fcne\u015f \u0131\u015f\u0131na, a\u015f\u0131r\u0131 s\u0131ca\u011fa ve y\u00fcksek rak\u0131ml\u0131 yerlere kar\u015f\u0131 dayan\u0131kl\u0131d\u0131r.<\/p>\n\n\n\n<p><\/p>\n\n\n\n<h4><strong><a href=\"https:\/\/livestockcapital.com.tr\/tr\/cattle-breeds\/mixed-breed\/normande\/2\/\">Galeri<\/a><\/strong><\/h4>\n\n\n\n<!--nextpage-->\n\n\n\n<figure class=\"wp-block-gallery columns-3 is-cropped\"><ul class=\"blocks-gallery-grid\"><li class=\"blocks-gallery-item\"><figure><a href=\"https:\/\/livestockcapital.com.tr\/wp-content\/uploads\/2019\/11\/NOR23.jpg\"><img loading=\"lazy\" width=\"960\" height=\"685\" src=\"https:\/\/livestockcapital.com.tr\/wp-content\/uploads\/2019\/11\/NOR23.jpg\" alt=\"\" data-id=\"303\" data-full-url=\"https:\/\/livestockcapital.com.tr\/wp-content\/uploads\/2019\/11\/NOR23.jpg\" data-link=\"https:\/\/livestockcapital.com.tr\/cattle-breeds\/mixed-breed\/normande\/nor23\/\" class=\"wp-image-303\" srcset=\"https:\/\/livestockcapital.com.tr\/wp-content\/uploads\/2019\/11\/NOR23.jpg 960w, https:\/\/livestockcapital.com.tr\/wp-content\/uploads\/2019\/11\/NOR23-300x214.jpg 300w, https:\/\/livestockcapital.com.tr\/wp-content\/uploads\/2019\/11\/NOR23-768x548.jpg 768w\" sizes=\"(max-width: 960px) 100vw, 960px\" \/><\/a><\/figure><\/li><li class=\"blocks-gallery-item\"><figure><a href=\"https:\/\/livestockcapital.com.tr\/wp-content\/uploads\/2019\/11\/NOR27.jpg\"><img loading=\"lazy\" width=\"960\" height=\"720\" src=\"https:\/\/livestockcapital.com.tr\/wp-content\/uploads\/2019\/11\/NOR27.jpg\" alt=\"\" data-id=\"315\" data-full-url=\"https:\/\/livestockcapital.com.tr\/wp-content\/uploads\/2019\/11\/NOR27.jpg\" data-link=\"https:\/\/livestockcapital.com.tr\/cattle-breeds\/mixed-breed\/normande\/nor27\/\" class=\"wp-image-315\" srcset=\"https:\/\/livestockcapital.com.tr\/wp-content\/uploads\/2019\/11\/NOR27.jpg 960w, https:\/\/livestockcapital.com.tr\/wp-content\/uploads\/2019\/11\/NOR27-300x225.jpg 300w, https:\/\/livestockcapital.com.tr\/wp-content\/uploads\/2019\/11\/NOR27-768x576.jpg 768w\" sizes=\"(max-width: 960px) 100vw, 960px\" \/><\/a><\/figure><\/li><li class=\"blocks-gallery-item\"><figure><a href=\"https:\/\/livestockcapital.com.tr\/wp-content\/uploads\/2019\/11\/NOR26.jpg\"><img loading=\"lazy\" width=\"960\" height=\"539\" src=\"https:\/\/livestockcapital.com.tr\/wp-content\/uploads\/2019\/11\/NOR26.jpg\" alt=\"\" data-id=\"314\" data-full-url=\"https:\/\/livestockcapital.com.tr\/wp-content\/uploads\/2019\/11\/NOR26.jpg\" data-link=\"https:\/\/livestockcapital.com.tr\/cattle-breeds\/mixed-breed\/normande\/nor26\/\" class=\"wp-image-314\" srcset=\"https:\/\/livestockcapital.com.tr\/wp-content\/uploads\/2019\/11\/NOR26.jpg 960w, https:\/\/livestockcapital.com.tr\/wp-content\/uploads\/2019\/11\/NOR26-300x168.jpg 300w, https:\/\/livestockcapital.com.tr\/wp-content\/uploads\/2019\/11\/NOR26-768x431.jpg 768w\" sizes=\"(max-width: 960px) 100vw, 960px\" \/><\/a><\/figure><\/li><li class=\"blocks-gallery-item\"><figure><a href=\"https:\/\/livestockcapital.com.tr\/wp-content\/uploads\/2019\/11\/NOR25.jpg\"><img loading=\"lazy\" width=\"960\" height=\"720\" src=\"https:\/\/livestockcapital.com.tr\/wp-content\/uploads\/2019\/11\/NOR25.jpg\" alt=\"\" data-id=\"313\" data-full-url=\"https:\/\/livestockcapital.com.tr\/wp-content\/uploads\/2019\/11\/NOR25.jpg\" data-link=\"https:\/\/livestockcapital.com.tr\/cattle-breeds\/mixed-breed\/normande\/nor25\/\" class=\"wp-image-313\" srcset=\"https:\/\/livestockcapital.com.tr\/wp-content\/uploads\/2019\/11\/NOR25.jpg 960w, https:\/\/livestockcapital.com.tr\/wp-content\/uploads\/2019\/11\/NOR25-300x225.jpg 300w, https:\/\/livestockcapital.com.tr\/wp-content\/uploads\/2019\/11\/NOR25-768x576.jpg 768w\" sizes=\"(max-width: 960px) 100vw, 960px\" \/><\/a><\/figure><\/li><li class=\"blocks-gallery-item\"><figure><a href=\"https:\/\/livestockcapital.com.tr\/wp-content\/uploads\/2019\/11\/normande-1.jpg\"><img loading=\"lazy\" width=\"1024\" height=\"732\" src=\"https:\/\/livestockcapital.com.tr\/wp-content\/uploads\/2019\/11\/normande-1.jpg\" alt=\"\" data-id=\"712\" data-full-url=\"https:\/\/livestockcapital.com.tr\/wp-content\/uploads\/2019\/11\/normande-1.jpg\" data-link=\"https:\/\/livestockcapital.com.tr\/cattle-breeds\/mixed-breed\/normande\/normande-1\/\" class=\"wp-image-712\" srcset=\"https:\/\/livestockcapital.com.tr\/wp-content\/uploads\/2019\/11\/normande-1.jpg 1024w, https:\/\/livestockcapital.com.tr\/wp-content\/uploads\/2019\/11\/normande-1-300x214.jpg 300w, https:\/\/livestockcapital.com.tr\/wp-content\/uploads\/2019\/11\/normande-1-768x549.jpg 768w\" sizes=\"(max-width: 1024px) 100vw, 1024px\" \/><\/a><\/figure><\/li><li class=\"blocks-gallery-item\"><figure><a href=\"https:\/\/livestockcapital.com.tr\/wp-content\/uploads\/2019\/11\/normande-2.jpg\"><img loading=\"lazy\" width=\"1024\" height=\"576\" src=\"https:\/\/livestockcapital.com.tr\/wp-content\/uploads\/2019\/11\/normande-2-1024x576.jpg\" alt=\"\" data-id=\"713\" data-full-url=\"https:\/\/livestockcapital.com.tr\/wp-content\/uploads\/2019\/11\/normande-2.jpg\" data-link=\"https:\/\/livestockcapital.com.tr\/cattle-breeds\/mixed-breed\/normande\/normande-2-2\/\" class=\"wp-image-713\" srcset=\"https:\/\/livestockcapital.com.tr\/wp-content\/uploads\/2019\/11\/normande-2-1024x576.jpg 1024w, https:\/\/livestockcapital.com.tr\/wp-content\/uploads\/2019\/11\/normande-2-300x169.jpg 300w, https:\/\/livestockcapital.com.tr\/wp-content\/uploads\/2019\/11\/normande-2-768x432.jpg 768w, https:\/\/livestockcapital.com.tr\/wp-content\/uploads\/2019\/11\/normande-2.jpg 1280w\" sizes=\"(max-width: 1024px) 100vw, 1024px\" \/><\/a><\/figure><\/li><li class=\"blocks-gallery-item\"><figure><a href=\"https:\/\/livestockcapital.com.tr\/wp-content\/uploads\/2019\/11\/normande-3.jpg\"><img loading=\"lazy\" width=\"1024\" height=\"732\" src=\"https:\/\/livestockcapital.com.tr\/wp-content\/uploads\/2019\/11\/normande-3.jpg\" alt=\"\" data-id=\"714\" data-full-url=\"https:\/\/livestockcapital.com.tr\/wp-content\/uploads\/2019\/11\/normande-3.jpg\" data-link=\"https:\/\/livestockcapital.com.tr\/cattle-breeds\/mixed-breed\/normande\/normande-3\/\" class=\"wp-image-714\" srcset=\"https:\/\/livestockcapital.com.tr\/wp-content\/uploads\/2019\/11\/normande-3.jpg 1024w, https:\/\/livestockcapital.com.tr\/wp-content\/uploads\/2019\/11\/normande-3-300x214.jpg 300w, https:\/\/livestockcapital.com.tr\/wp-content\/uploads\/2019\/11\/normande-3-768x549.jpg 768w\" sizes=\"(max-width: 1024px) 100vw, 1024px\" \/><\/a><\/figure><\/li><li class=\"blocks-gallery-item\"><figure><a href=\"https:\/\/livestockcapital.com.tr\/wp-content\/uploads\/2019\/11\/normande-4.jpg\"><img loading=\"lazy\" width=\"1024\" height=\"732\" src=\"https:\/\/livestockcapital.com.tr\/wp-content\/uploads\/2019\/11\/normande-4.jpg\" alt=\"\" data-id=\"715\" data-full-url=\"https:\/\/livestockcapital.com.tr\/wp-content\/uploads\/2019\/11\/normande-4.jpg\" data-link=\"https:\/\/livestockcapital.com.tr\/cattle-breeds\/mixed-breed\/normande\/normande-4\/\" class=\"wp-image-715\" srcset=\"https:\/\/livestockcapital.com.tr\/wp-content\/uploads\/2019\/11\/normande-4.jpg 1024w, https:\/\/livestockcapital.com.tr\/wp-content\/uploads\/2019\/11\/normande-4-300x214.jpg 300w, https:\/\/livestockcapital.com.tr\/wp-content\/uploads\/2019\/11\/normande-4-768x549.jpg 768w\" sizes=\"(max-width: 1024px) 100vw, 1024px\" \/><\/a><\/figure><\/li><li class=\"blocks-gallery-item\"><figure><a href=\"https:\/\/livestockcapital.com.tr\/wp-content\/uploads\/2019\/11\/normande-5.jpg\"><img loading=\"lazy\" width=\"1024\" height=\"732\" src=\"https:\/\/livestockcapital.com.tr\/wp-content\/uploads\/2019\/11\/normande-5.jpg\" alt=\"\" data-id=\"716\" data-full-url=\"https:\/\/livestockcapital.com.tr\/wp-content\/uploads\/2019\/11\/normande-5.jpg\" data-link=\"https:\/\/livestockcapital.com.tr\/cattle-breeds\/mixed-breed\/normande\/normande-5\/\" class=\"wp-image-716\" srcset=\"https:\/\/livestockcapital.com.tr\/wp-content\/uploads\/2019\/11\/normande-5.jpg 1024w, https:\/\/livestockcapital.com.tr\/wp-content\/uploads\/2019\/11\/normande-5-300x214.jpg 300w, https:\/\/livestockcapital.com.tr\/wp-content\/uploads\/2019\/11\/normande-5-768x549.jpg 768w\" sizes=\"(max-width: 1024px) 100vw, 1024px\" \/><\/a><\/figure><\/li><\/ul><\/figure>","protected":false},"excerpt":{"rendered":"<p>The Normande is a breed of dairy cattle from the Normandy region of northwest France. It is raised principally for its milk, which is high in fat and suitable for making butter and cheese, but also for its meat, which is marbled and good-flavored. It is a world breed: it has been exported to many countries and is present on all continents. The Normande is a large-bodied animal: cows usually weigh 700\u2013800 kg, and bulls up to 1100 kg. The [&hellip;]<\/p>","protected":false},"author":1,"featured_media":526,"parent":289,"menu_order":0,"comment_status":"closed","ping_status":"closed","template":"","meta":[],"yoast_head":"<!-- This site is optimized with the Yoast SEO plugin v17.2.1 - https:\/\/yoast.com\/wordpress\/plugins\/seo\/ -->\n<title>Normande - Livestock Capital<\/title>\n<meta name=\"robots\" content=\"index, follow, max-snippet:-1, max-image-preview:large, max-video-preview:-1\" \/>\n<link rel=\"canonical\" href=\"https:\/\/livestockcapital.com.tr\/tr\/cattle-breeds\/mixed-breed\/normande\/\" \/>\n<link rel=\"next\" href=\"https:\/\/livestockcapital.com.tr\/cattle-breeds\/mixed-breed\/normande\/2\/\" \/>\n<meta property=\"og:locale\" content=\"tr_TR\" \/>\n<meta property=\"og:type\" content=\"article\" \/>\n<meta property=\"og:title\" content=\"Normande - Livestock Capital\" \/>\n<meta property=\"og:description\" content=\"The Normande is a breed of dairy cattle from the Normandy region of northwest France. It is raised principally for its milk, which is high in fat and suitable for making butter and cheese, but also for its meat, which is marbled and good-flavored. It is a world breed: it has been exported to many countries and is present on all continents. The Normande is a large-bodied animal: cows usually weigh 700\u2013800 kg, and bulls up to 1100 kg. The [&hellip;]\" \/>\n<meta property=\"og:url\" content=\"https:\/\/livestockcapital.com.tr\/tr\/cattle-breeds\/mixed-breed\/normande\/\" \/>\n<meta property=\"og:site_name\" content=\"Livestock Capital\" \/>\n<meta property=\"article:modified_time\" content=\"2019-11-27T11:09:48+00:00\" \/>\n<meta property=\"og:image\" content=\"https:\/\/livestockcapital.com.tr\/wp-content\/uploads\/2019\/11\/normande.jpg\" \/>\n\t<meta property=\"og:image:width\" content=\"1920\" \/>\n\t<meta property=\"og:image:height\" content=\"1080\" \/>\n<meta name=\"twitter:card\" content=\"summary_large_image\" \/>\n<meta name=\"twitter:label1\" content=\"Tahmini okuma s\u00fcresi\" \/>\n\t<meta name=\"twitter:data1\" content=\"1 dakika\" \/>\n<script type=\"application\/ld+json\" class=\"yoast-schema-graph\">{\"@context\":\"https:\/\/schema.org\",\"@graph\":[{\"@type\":\"WebSite\",\"@id\":\"https:\/\/livestockcapital.com.tr\/#website\",\"url\":\"https:\/\/livestockcapital.com.tr\/\",\"name\":\"Livestock Capital\",\"description\":\"Livestock Capital LTD.\",\"potentialAction\":[{\"@type\":\"SearchAction\",\"target\":{\"@type\":\"EntryPoint\",\"urlTemplate\":\"https:\/\/livestockcapital.com.tr\/?s={search_term_string}\"},\"query-input\":\"required name=search_term_string\"}],\"inLanguage\":\"tr\"},{\"@type\":\"ImageObject\",\"@id\":\"https:\/\/livestockcapital.com.tr\/cattle-breeds\/mixed-breed\/normande\/#primaryimage\",\"inLanguage\":\"tr\",\"url\":\"https:\/\/livestockcapital.com.tr\/wp-content\/uploads\/2019\/11\/normande.jpg\",\"contentUrl\":\"https:\/\/livestockcapital.com.tr\/wp-content\/uploads\/2019\/11\/normande.jpg\",\"width\":1920,\"height\":1080},{\"@type\":\"WebPage\",\"@id\":\"https:\/\/livestockcapital.com.tr\/cattle-breeds\/mixed-breed\/normande\/#webpage\",\"url\":\"https:\/\/livestockcapital.com.tr\/cattle-breeds\/mixed-breed\/normande\/\",\"name\":\"Normande - Livestock Capital\",\"isPartOf\":{\"@id\":\"https:\/\/livestockcapital.com.tr\/#website\"},\"primaryImageOfPage\":{\"@id\":\"https:\/\/livestockcapital.com.tr\/cattle-breeds\/mixed-breed\/normande\/#primaryimage\"},\"datePublished\":\"2019-11-12T07:41:48+00:00\",\"dateModified\":\"2019-11-27T11:09:48+00:00\",\"breadcrumb\":{\"@id\":\"https:\/\/livestockcapital.com.tr\/cattle-breeds\/mixed-breed\/normande\/#breadcrumb\"},\"inLanguage\":\"tr\",\"potentialAction\":[{\"@type\":\"ReadAction\",\"target\":[\"https:\/\/livestockcapital.com.tr\/cattle-breeds\/mixed-breed\/normande\/\"]}]},{\"@type\":\"BreadcrumbList\",\"@id\":\"https:\/\/livestockcapital.com.tr\/cattle-breeds\/mixed-breed\/normande\/#breadcrumb\",\"itemListElement\":[{\"@type\":\"ListItem\",\"position\":1,\"name\":\"Home\",\"item\":\"https:\/\/livestockcapital.com.tr\/\"},{\"@type\":\"ListItem\",\"position\":2,\"name\":\"Cattle Breeds\",\"item\":\"https:\/\/livestockcapital.com.tr\/cattle-breeds\/\"},{\"@type\":\"ListItem\",\"position\":3,\"name\":\"Mixed Breed\"}]}]}<\/script>\n<!-- \/ Yoast SEO plugin. -->","yoast_head_json":{"title":"Normande - Livestock Capital","robots":{"index":"index","follow":"follow","max-snippet":"max-snippet:-1","max-image-preview":"max-image-preview:large","max-video-preview":"max-video-preview:-1"},"canonical":"https:\/\/livestockcapital.com.tr\/tr\/cattle-breeds\/mixed-breed\/normande\/","next":"https:\/\/livestockcapital.com.tr\/cattle-breeds\/mixed-breed\/normande\/2\/","og_locale":"tr_TR","og_type":"article","og_title":"Normande - Livestock Capital","og_description":"The Normande is a breed of dairy cattle from the Normandy region of northwest France. It is raised principally for its milk, which is high in fat and suitable for making butter and cheese, but also for its meat, which is marbled and good-flavored. It is a world breed: it has been exported to many countries and is present on all continents. The Normande is a large-bodied animal: cows usually weigh 700\u2013800 kg, and bulls up to 1100 kg. The [&hellip;]","og_url":"https:\/\/livestockcapital.com.tr\/tr\/cattle-breeds\/mixed-breed\/normande\/","og_site_name":"Livestock Capital","article_modified_time":"2019-11-27T11:09:48+00:00","og_image":[{"width":1920,"height":1080,"url":"https:\/\/livestockcapital.com.tr\/wp-content\/uploads\/2019\/11\/normande.jpg","path":"\/home\/tmcwebtr\/livestockcapital.com.tr\/wp-content\/uploads\/2019\/11\/normande.jpg","size":"full","id":526,"alt":"","pixels":2073600,"type":"image\/jpeg"}],"twitter_card":"summary_large_image","twitter_misc":{"Tahmini okuma s\u00fcresi":"1 dakika"},"schema":{"@context":"https:\/\/schema.org","@graph":[{"@type":"WebSite","@id":"https:\/\/livestockcapital.com.tr\/#website","url":"https:\/\/livestockcapital.com.tr\/","name":"Livestock Capital","description":"Livestock Capital LTD.","potentialAction":[{"@type":"SearchAction","target":{"@type":"EntryPoint","urlTemplate":"https:\/\/livestockcapital.com.tr\/?s={search_term_string}"},"query-input":"required name=search_term_string"}],"inLanguage":"tr"},{"@type":"ImageObject","@id":"https:\/\/livestockcapital.com.tr\/cattle-breeds\/mixed-breed\/normande\/#primaryimage","inLanguage":"tr","url":"https:\/\/livestockcapital.com.tr\/wp-content\/uploads\/2019\/11\/normande.jpg","contentUrl":"https:\/\/livestockcapital.com.tr\/wp-content\/uploads\/2019\/11\/normande.jpg","width":1920,"height":1080},{"@type":"WebPage","@id":"https:\/\/livestockcapital.com.tr\/cattle-breeds\/mixed-breed\/normande\/#webpage","url":"https:\/\/livestockcapital.com.tr\/cattle-breeds\/mixed-breed\/normande\/","name":"Normande - Livestock Capital","isPartOf":{"@id":"https:\/\/livestockcapital.com.tr\/#website"},"primaryImageOfPage":{"@id":"https:\/\/livestockcapital.com.tr\/cattle-breeds\/mixed-breed\/normande\/#primaryimage"},"datePublished":"2019-11-12T07:41:48+00:00","dateModified":"2019-11-27T11:09:48+00:00","breadcrumb":{"@id":"https:\/\/livestockcapital.com.tr\/cattle-breeds\/mixed-breed\/normande\/#breadcrumb"},"inLanguage":"tr","potentialAction":[{"@type":"ReadAction","target":["https:\/\/livestockcapital.com.tr\/cattle-breeds\/mixed-breed\/normande\/"]}]},{"@type":"BreadcrumbList","@id":"https:\/\/livestockcapital.com.tr\/cattle-breeds\/mixed-breed\/normande\/#breadcrumb","itemListElement":[{"@type":"ListItem","position":1,"name":"Home","item":"https:\/\/livestockcapital.com.tr\/"},{"@type":"ListItem","position":2,"name":"Cattle Breeds","item":"https:\/\/livestockcapital.com.tr\/cattle-breeds\/"},{"@type":"ListItem","position":3,"name":"Mixed Breed"}]}]}},"_links":{"self":[{"href":"https:\/\/livestockcapital.com.tr\/tr\/wp-json\/wp\/v2\/pages\/301"}],"collection":[{"href":"https:\/\/livestockcapital.com.tr\/tr\/wp-json\/wp\/v2\/pages"}],"about":[{"href":"https:\/\/livestockcapital.com.tr\/tr\/wp-json\/wp\/v2\/types\/page"}],"author":[{"embeddable":true,"href":"https:\/\/livestockcapital.com.tr\/tr\/wp-json\/wp\/v2\/users\/1"}],"replies":[{"embeddable":true,"href":"https:\/\/livestockcapital.com.tr\/tr\/wp-json\/wp\/v2\/comments?post=301"}],"version-history":[{"count":9,"href":"https:\/\/livestockcapital.com.tr\/tr\/wp-json\/wp\/v2\/pages\/301\/revisions"}],"predecessor-version":[{"id":834,"href":"https:\/\/livestockcapital.com.tr\/tr\/wp-json\/wp\/v2\/pages\/301\/revisions\/834"}],"up":[{"embeddable":true,"href":"https:\/\/livestockcapital.com.tr\/tr\/wp-json\/wp\/v2\/pages\/289"}],"wp:featuredmedia":[{"embeddable":true,"href":"https:\/\/livestockcapital.com.tr\/tr\/wp-json\/wp\/v2\/media\/526"}],"wp:attachment":[{"href":"https:\/\/livestockcapital.com.tr\/tr\/wp-json\/wp\/v2\/media?parent=301"}],"curies":[{"name":"wp","href":"https:\/\/api.w.org\/{rel}","templated":true}]}}