{"id":329,"date":"2019-11-12T10:46:44","date_gmt":"2019-11-12T07:46:44","guid":{"rendered":"http:\/\/livestockcapital.com.tr\/?page_id=329"},"modified":"2019-11-27T14:10:35","modified_gmt":"2019-11-27T11:10:35","slug":"friesian","status":"publish","type":"page","link":"https:\/\/livestockcapital.com.tr\/tr\/cattle-breeds\/mixed-breed\/friesian\/","title":{"rendered":"Friesian"},"content":{"rendered":"<p>Holstein Friesians (Kuzey Amerika'da genellikle Holstein olarak bilinir, \u0130ngiltere ve \u0130rlanda'da ise Friesian olarak bilinir) Kuzey Hollanda'da, Hollanda'n\u0131n Frizya b\u00f6lgesinde ve Kuzey Almanya'da s\u00fct s\u0131\u011f\u0131rc\u0131l\u0131\u011f\u0131 i\u00e7in beslenmektedir. Bu hayvanlar d\u00fcnyan\u0131n en \u00e7ok s\u00fct \u00fcreten hayvanlar\u0131 olarak bilinirler.<\/p>\n\n\n\n<p>\"Friesian\", Avrupa'da hem s\u00fct hem de s\u0131\u011f\u0131r eti kullan\u0131m\u0131 i\u00e7in yeti\u015ftirilen hayvan \u0131rk\u0131n\u0131 ifade eder. Holstein-Friesian terimi, her ikisinin birle\u015fiminden olu\u015fur.<\/p>\n\n\n\n<p>Bu \u0131rklar\u0131n aras\u0131nda genellikle siyah ve beyaz veya k\u0131rm\u0131z\u0131 ve beyaz renklerde ay\u0131rt edici i\u015faretler vard\u0131r.<\/p>\n\n\n\n<p><\/p>\n\n\n\n<h4><strong><a href=\"http:\/\/livestockcapital.com.tr\/tr\/cattle-breeds\/mixed-breed\/frison\/2\/\">Galeri<\/a><\/strong><\/h4>\n\n\n\n<!--nextpage-->\n\n\n\n<figure class=\"wp-block-gallery columns-3 is-cropped\"><ul class=\"blocks-gallery-grid\"><li class=\"blocks-gallery-item\"><figure><a href=\"https:\/\/livestockcapital.com.tr\/wp-content\/uploads\/2019\/11\/frison-9.jpg\"><img loading=\"lazy\" width=\"1024\" height=\"732\" src=\"https:\/\/livestockcapital.com.tr\/wp-content\/uploads\/2019\/11\/frison-9.jpg\" alt=\"\" data-id=\"736\" data-full-url=\"https:\/\/livestockcapital.com.tr\/wp-content\/uploads\/2019\/11\/frison-9.jpg\" data-link=\"https:\/\/livestockcapital.com.tr\/cattle-breeds\/mixed-breed\/frison\/frison-9\/\" class=\"wp-image-736\" srcset=\"https:\/\/livestockcapital.com.tr\/wp-content\/uploads\/2019\/11\/frison-9.jpg 1024w, https:\/\/livestockcapital.com.tr\/wp-content\/uploads\/2019\/11\/frison-9-300x214.jpg 300w, https:\/\/livestockcapital.com.tr\/wp-content\/uploads\/2019\/11\/frison-9-768x549.jpg 768w\" sizes=\"(max-width: 1024px) 100vw, 1024px\" \/><\/a><\/figure><\/li><li class=\"blocks-gallery-item\"><figure><a href=\"https:\/\/livestockcapital.com.tr\/wp-content\/uploads\/2019\/11\/frison-1.jpg\"><img loading=\"lazy\" width=\"1024\" height=\"683\" src=\"https:\/\/livestockcapital.com.tr\/wp-content\/uploads\/2019\/11\/frison-1-1024x683.jpg\" alt=\"\" data-id=\"728\" data-full-url=\"https:\/\/livestockcapital.com.tr\/wp-content\/uploads\/2019\/11\/frison-1.jpg\" data-link=\"https:\/\/livestockcapital.com.tr\/cattle-breeds\/mixed-breed\/frison\/frison-1\/\" class=\"wp-image-728\" srcset=\"https:\/\/livestockcapital.com.tr\/wp-content\/uploads\/2019\/11\/frison-1-1024x683.jpg 1024w, https:\/\/livestockcapital.com.tr\/wp-content\/uploads\/2019\/11\/frison-1-300x200.jpg 300w, https:\/\/livestockcapital.com.tr\/wp-content\/uploads\/2019\/11\/frison-1-768x512.jpg 768w, https:\/\/livestockcapital.com.tr\/wp-content\/uploads\/2019\/11\/frison-1.jpg 1230w\" sizes=\"(max-width: 1024px) 100vw, 1024px\" \/><\/a><\/figure><\/li><li class=\"blocks-gallery-item\"><figure><a href=\"https:\/\/livestockcapital.com.tr\/wp-content\/uploads\/2019\/11\/frison-2.jpg\"><img loading=\"lazy\" width=\"1024\" height=\"731\" src=\"https:\/\/livestockcapital.com.tr\/wp-content\/uploads\/2019\/11\/frison-2-1024x731.jpg\" alt=\"\" data-id=\"729\" data-full-url=\"https:\/\/livestockcapital.com.tr\/wp-content\/uploads\/2019\/11\/frison-2.jpg\" data-link=\"https:\/\/livestockcapital.com.tr\/cattle-breeds\/mixed-breed\/frison\/frison-2-2\/\" class=\"wp-image-729\" srcset=\"https:\/\/livestockcapital.com.tr\/wp-content\/uploads\/2019\/11\/frison-2-1024x731.jpg 1024w, https:\/\/livestockcapital.com.tr\/wp-content\/uploads\/2019\/11\/frison-2-300x214.jpg 300w, https:\/\/livestockcapital.com.tr\/wp-content\/uploads\/2019\/11\/frison-2-768x548.jpg 768w, https:\/\/livestockcapital.com.tr\/wp-content\/uploads\/2019\/11\/frison-2.jpg 1280w\" sizes=\"(max-width: 1024px) 100vw, 1024px\" \/><\/a><\/figure><\/li><li class=\"blocks-gallery-item\"><figure><a href=\"https:\/\/livestockcapital.com.tr\/wp-content\/uploads\/2019\/11\/frison-3.jpg\"><img loading=\"lazy\" width=\"1024\" height=\"588\" src=\"https:\/\/livestockcapital.com.tr\/wp-content\/uploads\/2019\/11\/frison-3-1024x588.jpg\" alt=\"\" data-id=\"730\" data-full-url=\"https:\/\/livestockcapital.com.tr\/wp-content\/uploads\/2019\/11\/frison-3.jpg\" data-link=\"https:\/\/livestockcapital.com.tr\/cattle-breeds\/mixed-breed\/frison\/frison-3\/\" class=\"wp-image-730\" srcset=\"https:\/\/livestockcapital.com.tr\/wp-content\/uploads\/2019\/11\/frison-3-1024x588.jpg 1024w, https:\/\/livestockcapital.com.tr\/wp-content\/uploads\/2019\/11\/frison-3-300x172.jpg 300w, https:\/\/livestockcapital.com.tr\/wp-content\/uploads\/2019\/11\/frison-3-768x441.jpg 768w, https:\/\/livestockcapital.com.tr\/wp-content\/uploads\/2019\/11\/frison-3.jpg 1280w\" sizes=\"(max-width: 1024px) 100vw, 1024px\" \/><\/a><\/figure><\/li><li class=\"blocks-gallery-item\"><figure><a href=\"https:\/\/livestockcapital.com.tr\/wp-content\/uploads\/2019\/11\/frison-4.jpg\"><img loading=\"lazy\" width=\"1024\" height=\"732\" src=\"https:\/\/livestockcapital.com.tr\/wp-content\/uploads\/2019\/11\/frison-4.jpg\" alt=\"\" data-id=\"731\" data-full-url=\"https:\/\/livestockcapital.com.tr\/wp-content\/uploads\/2019\/11\/frison-4.jpg\" data-link=\"https:\/\/livestockcapital.com.tr\/cattle-breeds\/mixed-breed\/frison\/frison-4\/\" class=\"wp-image-731\" srcset=\"https:\/\/livestockcapital.com.tr\/wp-content\/uploads\/2019\/11\/frison-4.jpg 1024w, https:\/\/livestockcapital.com.tr\/wp-content\/uploads\/2019\/11\/frison-4-300x214.jpg 300w, https:\/\/livestockcapital.com.tr\/wp-content\/uploads\/2019\/11\/frison-4-768x549.jpg 768w\" sizes=\"(max-width: 1024px) 100vw, 1024px\" \/><\/a><\/figure><\/li><li class=\"blocks-gallery-item\"><figure><a href=\"https:\/\/livestockcapital.com.tr\/wp-content\/uploads\/2019\/11\/frison-5.jpg\"><img loading=\"lazy\" width=\"1024\" height=\"732\" src=\"https:\/\/livestockcapital.com.tr\/wp-content\/uploads\/2019\/11\/frison-5.jpg\" alt=\"\" data-id=\"732\" data-full-url=\"https:\/\/livestockcapital.com.tr\/wp-content\/uploads\/2019\/11\/frison-5.jpg\" data-link=\"https:\/\/livestockcapital.com.tr\/cattle-breeds\/mixed-breed\/frison\/frison-5\/\" class=\"wp-image-732\" srcset=\"https:\/\/livestockcapital.com.tr\/wp-content\/uploads\/2019\/11\/frison-5.jpg 1024w, https:\/\/livestockcapital.com.tr\/wp-content\/uploads\/2019\/11\/frison-5-300x214.jpg 300w, https:\/\/livestockcapital.com.tr\/wp-content\/uploads\/2019\/11\/frison-5-768x549.jpg 768w\" sizes=\"(max-width: 1024px) 100vw, 1024px\" \/><\/a><\/figure><\/li><li class=\"blocks-gallery-item\"><figure><a href=\"https:\/\/livestockcapital.com.tr\/wp-content\/uploads\/2019\/11\/frison-6.jpg\"><img loading=\"lazy\" width=\"1024\" height=\"732\" src=\"https:\/\/livestockcapital.com.tr\/wp-content\/uploads\/2019\/11\/frison-6.jpg\" alt=\"\" data-id=\"733\" data-full-url=\"https:\/\/livestockcapital.com.tr\/wp-content\/uploads\/2019\/11\/frison-6.jpg\" data-link=\"https:\/\/livestockcapital.com.tr\/cattle-breeds\/mixed-breed\/frison\/frison-6\/\" class=\"wp-image-733\" srcset=\"https:\/\/livestockcapital.com.tr\/wp-content\/uploads\/2019\/11\/frison-6.jpg 1024w, https:\/\/livestockcapital.com.tr\/wp-content\/uploads\/2019\/11\/frison-6-300x214.jpg 300w, https:\/\/livestockcapital.com.tr\/wp-content\/uploads\/2019\/11\/frison-6-768x549.jpg 768w\" sizes=\"(max-width: 1024px) 100vw, 1024px\" \/><\/a><\/figure><\/li><li class=\"blocks-gallery-item\"><figure><a href=\"https:\/\/livestockcapital.com.tr\/wp-content\/uploads\/2019\/11\/frison-7.jpg\"><img loading=\"lazy\" width=\"1024\" height=\"732\" src=\"https:\/\/livestockcapital.com.tr\/wp-content\/uploads\/2019\/11\/frison-7.jpg\" alt=\"\" data-id=\"734\" data-full-url=\"https:\/\/livestockcapital.com.tr\/wp-content\/uploads\/2019\/11\/frison-7.jpg\" data-link=\"https:\/\/livestockcapital.com.tr\/cattle-breeds\/mixed-breed\/frison\/frison-7\/\" class=\"wp-image-734\" srcset=\"https:\/\/livestockcapital.com.tr\/wp-content\/uploads\/2019\/11\/frison-7.jpg 1024w, https:\/\/livestockcapital.com.tr\/wp-content\/uploads\/2019\/11\/frison-7-300x214.jpg 300w, https:\/\/livestockcapital.com.tr\/wp-content\/uploads\/2019\/11\/frison-7-768x549.jpg 768w\" sizes=\"(max-width: 1024px) 100vw, 1024px\" \/><\/a><\/figure><\/li><li class=\"blocks-gallery-item\"><figure><a href=\"https:\/\/livestockcapital.com.tr\/wp-content\/uploads\/2019\/11\/frison-8.jpg\"><img loading=\"lazy\" width=\"1024\" height=\"732\" src=\"https:\/\/livestockcapital.com.tr\/wp-content\/uploads\/2019\/11\/frison-8.jpg\" alt=\"\" data-id=\"735\" data-full-url=\"https:\/\/livestockcapital.com.tr\/wp-content\/uploads\/2019\/11\/frison-8.jpg\" data-link=\"https:\/\/livestockcapital.com.tr\/cattle-breeds\/mixed-breed\/frison\/frison-8\/\" class=\"wp-image-735\" srcset=\"https:\/\/livestockcapital.com.tr\/wp-content\/uploads\/2019\/11\/frison-8.jpg 1024w, https:\/\/livestockcapital.com.tr\/wp-content\/uploads\/2019\/11\/frison-8-300x214.jpg 300w, https:\/\/livestockcapital.com.tr\/wp-content\/uploads\/2019\/11\/frison-8-768x549.jpg 768w\" sizes=\"(max-width: 1024px) 100vw, 1024px\" \/><\/a><\/figure><\/li><\/ul><\/figure>","protected":false},"excerpt":{"rendered":"<p>Holstein Friesians (often shortened to Holsteins in North America, while the term Friesians is often used in the UK and Ireland) are a breed of dairy cattle originating from the Dutch provinces of North Holland and Friesland, and Schleswig-Holstein in Northern Germany. They are known as the world&#8217;s highest-production dairy animals. &#8220;Friesian&#8221; denotes animals of a traditional European ancestry, bred for both dairy and beef use. Crosses between the two are described by the term &#8220;Holstein-Friesian&#8221;. They have distinctive markings, [&hellip;]<\/p>","protected":false},"author":1,"featured_media":532,"parent":289,"menu_order":2,"comment_status":"closed","ping_status":"closed","template":"","meta":[],"yoast_head":"<!-- This site is optimized with the Yoast SEO plugin v17.2.1 - https:\/\/yoast.com\/wordpress\/plugins\/seo\/ -->\n<title>Friesian - Livestock Capital<\/title>\n<meta name=\"robots\" content=\"index, follow, max-snippet:-1, max-image-preview:large, max-video-preview:-1\" \/>\n<link rel=\"canonical\" href=\"https:\/\/livestockcapital.com.tr\/tr\/cattle-breeds\/mixed-breed\/friesian\/\" \/>\n<link rel=\"next\" href=\"https:\/\/livestockcapital.com.tr\/cattle-breeds\/mixed-breed\/friesian\/2\/\" \/>\n<meta property=\"og:locale\" content=\"tr_TR\" \/>\n<meta property=\"og:type\" content=\"article\" \/>\n<meta property=\"og:title\" content=\"Friesian - Livestock Capital\" \/>\n<meta property=\"og:description\" content=\"Holstein Friesians (often shortened to Holsteins in North America, while the term Friesians is often used in the UK and Ireland) are a breed of dairy cattle originating from the Dutch provinces of North Holland and Friesland, and Schleswig-Holstein in Northern Germany. They are known as the world&#8217;s highest-production dairy animals. &#8220;Friesian&#8221; denotes animals of a traditional European ancestry, bred for both dairy and beef use. Crosses between the two are described by the term &#8220;Holstein-Friesian&#8221;. They have distinctive markings, [&hellip;]\" \/>\n<meta property=\"og:url\" content=\"https:\/\/livestockcapital.com.tr\/tr\/cattle-breeds\/mixed-breed\/friesian\/\" \/>\n<meta property=\"og:site_name\" content=\"Livestock Capital\" \/>\n<meta property=\"article:modified_time\" content=\"2019-11-27T11:10:35+00:00\" \/>\n<meta property=\"og:image\" content=\"https:\/\/livestockcapital.com.tr\/wp-content\/uploads\/2019\/11\/frison.jpg\" \/>\n\t<meta property=\"og:image:width\" content=\"1980\" \/>\n\t<meta property=\"og:image:height\" content=\"1431\" \/>\n<meta name=\"twitter:card\" content=\"summary_large_image\" \/>\n<script type=\"application\/ld+json\" class=\"yoast-schema-graph\">{\"@context\":\"https:\/\/schema.org\",\"@graph\":[{\"@type\":\"WebSite\",\"@id\":\"https:\/\/livestockcapital.com.tr\/#website\",\"url\":\"https:\/\/livestockcapital.com.tr\/\",\"name\":\"Livestock Capital\",\"description\":\"Livestock Capital LTD.\",\"potentialAction\":[{\"@type\":\"SearchAction\",\"target\":{\"@type\":\"EntryPoint\",\"urlTemplate\":\"https:\/\/livestockcapital.com.tr\/?s={search_term_string}\"},\"query-input\":\"required name=search_term_string\"}],\"inLanguage\":\"tr\"},{\"@type\":\"ImageObject\",\"@id\":\"https:\/\/livestockcapital.com.tr\/cattle-breeds\/mixed-breed\/friesian\/#primaryimage\",\"inLanguage\":\"tr\",\"url\":\"https:\/\/livestockcapital.com.tr\/wp-content\/uploads\/2019\/11\/frison.jpg\",\"contentUrl\":\"https:\/\/livestockcapital.com.tr\/wp-content\/uploads\/2019\/11\/frison.jpg\",\"width\":1980,\"height\":1431},{\"@type\":\"WebPage\",\"@id\":\"https:\/\/livestockcapital.com.tr\/cattle-breeds\/mixed-breed\/friesian\/#webpage\",\"url\":\"https:\/\/livestockcapital.com.tr\/cattle-breeds\/mixed-breed\/friesian\/\",\"name\":\"Friesian - Livestock Capital\",\"isPartOf\":{\"@id\":\"https:\/\/livestockcapital.com.tr\/#website\"},\"primaryImageOfPage\":{\"@id\":\"https:\/\/livestockcapital.com.tr\/cattle-breeds\/mixed-breed\/friesian\/#primaryimage\"},\"datePublished\":\"2019-11-12T07:46:44+00:00\",\"dateModified\":\"2019-11-27T11:10:35+00:00\",\"breadcrumb\":{\"@id\":\"https:\/\/livestockcapital.com.tr\/cattle-breeds\/mixed-breed\/friesian\/#breadcrumb\"},\"inLanguage\":\"tr\",\"potentialAction\":[{\"@type\":\"ReadAction\",\"target\":[\"https:\/\/livestockcapital.com.tr\/cattle-breeds\/mixed-breed\/friesian\/\"]}]},{\"@type\":\"BreadcrumbList\",\"@id\":\"https:\/\/livestockcapital.com.tr\/cattle-breeds\/mixed-breed\/friesian\/#breadcrumb\",\"itemListElement\":[{\"@type\":\"ListItem\",\"position\":1,\"name\":\"Home\",\"item\":\"https:\/\/livestockcapital.com.tr\/\"},{\"@type\":\"ListItem\",\"position\":2,\"name\":\"Cattle Breeds\",\"item\":\"https:\/\/livestockcapital.com.tr\/cattle-breeds\/\"},{\"@type\":\"ListItem\",\"position\":3,\"name\":\"Mixed Breed\"}]}]}<\/script>\n<!-- \/ Yoast SEO plugin. -->","yoast_head_json":{"title":"Friesian - Livestock Capital","robots":{"index":"index","follow":"follow","max-snippet":"max-snippet:-1","max-image-preview":"max-image-preview:large","max-video-preview":"max-video-preview:-1"},"canonical":"https:\/\/livestockcapital.com.tr\/tr\/cattle-breeds\/mixed-breed\/friesian\/","next":"https:\/\/livestockcapital.com.tr\/cattle-breeds\/mixed-breed\/friesian\/2\/","og_locale":"tr_TR","og_type":"article","og_title":"Friesian - Livestock Capital","og_description":"Holstein Friesians (often shortened to Holsteins in North America, while the term Friesians is often used in the UK and Ireland) are a breed of dairy cattle originating from the Dutch provinces of North Holland and Friesland, and Schleswig-Holstein in Northern Germany. They are known as the world&#8217;s highest-production dairy animals. &#8220;Friesian&#8221; denotes animals of a traditional European ancestry, bred for both dairy and beef use. Crosses between the two are described by the term &#8220;Holstein-Friesian&#8221;. They have distinctive markings, [&hellip;]","og_url":"https:\/\/livestockcapital.com.tr\/tr\/cattle-breeds\/mixed-breed\/friesian\/","og_site_name":"Livestock Capital","article_modified_time":"2019-11-27T11:10:35+00:00","og_image":[{"width":1980,"height":1431,"url":"https:\/\/livestockcapital.com.tr\/wp-content\/uploads\/2019\/11\/frison.jpg","path":"\/home\/tmcwebtr\/livestockcapital.com.tr\/wp-content\/uploads\/2019\/11\/frison.jpg","size":"full","id":532,"alt":"","pixels":2833380,"type":"image\/jpeg"}],"twitter_card":"summary_large_image","schema":{"@context":"https:\/\/schema.org","@graph":[{"@type":"WebSite","@id":"https:\/\/livestockcapital.com.tr\/#website","url":"https:\/\/livestockcapital.com.tr\/","name":"Livestock Capital","description":"Livestock Capital LTD.","potentialAction":[{"@type":"SearchAction","target":{"@type":"EntryPoint","urlTemplate":"https:\/\/livestockcapital.com.tr\/?s={search_term_string}"},"query-input":"required name=search_term_string"}],"inLanguage":"tr"},{"@type":"ImageObject","@id":"https:\/\/livestockcapital.com.tr\/cattle-breeds\/mixed-breed\/friesian\/#primaryimage","inLanguage":"tr","url":"https:\/\/livestockcapital.com.tr\/wp-content\/uploads\/2019\/11\/frison.jpg","contentUrl":"https:\/\/livestockcapital.com.tr\/wp-content\/uploads\/2019\/11\/frison.jpg","width":1980,"height":1431},{"@type":"WebPage","@id":"https:\/\/livestockcapital.com.tr\/cattle-breeds\/mixed-breed\/friesian\/#webpage","url":"https:\/\/livestockcapital.com.tr\/cattle-breeds\/mixed-breed\/friesian\/","name":"Friesian - Livestock Capital","isPartOf":{"@id":"https:\/\/livestockcapital.com.tr\/#website"},"primaryImageOfPage":{"@id":"https:\/\/livestockcapital.com.tr\/cattle-breeds\/mixed-breed\/friesian\/#primaryimage"},"datePublished":"2019-11-12T07:46:44+00:00","dateModified":"2019-11-27T11:10:35+00:00","breadcrumb":{"@id":"https:\/\/livestockcapital.com.tr\/cattle-breeds\/mixed-breed\/friesian\/#breadcrumb"},"inLanguage":"tr","potentialAction":[{"@type":"ReadAction","target":["https:\/\/livestockcapital.com.tr\/cattle-breeds\/mixed-breed\/friesian\/"]}]},{"@type":"BreadcrumbList","@id":"https:\/\/livestockcapital.com.tr\/cattle-breeds\/mixed-breed\/friesian\/#breadcrumb","itemListElement":[{"@type":"ListItem","position":1,"name":"Home","item":"https:\/\/livestockcapital.com.tr\/"},{"@type":"ListItem","position":2,"name":"Cattle Breeds","item":"https:\/\/livestockcapital.com.tr\/cattle-breeds\/"},{"@type":"ListItem","position":3,"name":"Mixed Breed"}]}]}},"_links":{"self":[{"href":"https:\/\/livestockcapital.com.tr\/tr\/wp-json\/wp\/v2\/pages\/329"}],"collection":[{"href":"https:\/\/livestockcapital.com.tr\/tr\/wp-json\/wp\/v2\/pages"}],"about":[{"href":"https:\/\/livestockcapital.com.tr\/tr\/wp-json\/wp\/v2\/types\/page"}],"author":[{"embeddable":true,"href":"https:\/\/livestockcapital.com.tr\/tr\/wp-json\/wp\/v2\/users\/1"}],"replies":[{"embeddable":true,"href":"https:\/\/livestockcapital.com.tr\/tr\/wp-json\/wp\/v2\/comments?post=329"}],"version-history":[{"count":6,"href":"https:\/\/livestockcapital.com.tr\/tr\/wp-json\/wp\/v2\/pages\/329\/revisions"}],"predecessor-version":[{"id":835,"href":"https:\/\/livestockcapital.com.tr\/tr\/wp-json\/wp\/v2\/pages\/329\/revisions\/835"}],"up":[{"embeddable":true,"href":"https:\/\/livestockcapital.com.tr\/tr\/wp-json\/wp\/v2\/pages\/289"}],"wp:featuredmedia":[{"embeddable":true,"href":"https:\/\/livestockcapital.com.tr\/tr\/wp-json\/wp\/v2\/media\/532"}],"wp:attachment":[{"href":"https:\/\/livestockcapital.com.tr\/tr\/wp-json\/wp\/v2\/media?parent=329"}],"curies":[{"name":"wp","href":"https:\/\/api.w.org\/{rel}","templated":true}]}}